{"id":2033,"date":"2013-10-28T19:21:21","date_gmt":"2013-10-28T19:21:21","guid":{"rendered":"http:\/\/www.mercedespuertareal.com\/?page_id=28"},"modified":"2025-08-27T11:22:24","modified_gmt":"2025-08-27T11:22:24","slug":"saludo-del-hermano-mayor","status":"publish","type":"page","link":"https:\/\/puertareal.ihermandad.es\/?page_id=2033","title":{"rendered":"Saludo del Hermano Mayor"},"content":{"rendered":"\t\t<div data-elementor-type=\"wp-page\" data-elementor-id=\"2033\" class=\"elementor elementor-2033\" data-elementor-post-type=\"page\">\n\t\t\t\t<div class=\"elementor-element elementor-element-aa2e404 e-flex e-con-boxed e-con e-parent\" data-id=\"aa2e404\" data-element_type=\"container\" data-e-type=\"container\">\n\t\t\t\t\t<div class=\"e-con-inner\">\n\t\t\t\t<div class=\"elementor-element elementor-element-9fdf902 elementor-widget elementor-widget-heading\" data-id=\"9fdf902\" data-element_type=\"widget\" data-e-type=\"widget\" data-widget_type=\"heading.default\">\n\t\t\t\t\t<h2 class=\"elementor-heading-title elementor-size-default\">Saluda del Hermano Mayor<\/h2>\t\t\t\t<\/div>\n\t\t\t\t\t<\/div>\n\t\t\t\t<\/div>\n\t\t<div class=\"elementor-element elementor-element-a05bd46 e-flex e-con-boxed e-con e-parent\" data-id=\"a05bd46\" data-element_type=\"container\" data-e-type=\"container\">\n\t\t\t\t\t<div class=\"e-con-inner\">\n\t\t<div class=\"elementor-element elementor-element-5a0f13a e-con-full e-flex e-con e-child\" data-id=\"5a0f13a\" data-element_type=\"container\" data-e-type=\"container\">\n\t\t\t\t<div class=\"elementor-element elementor-element-283af8e elementor-widget elementor-widget-image\" data-id=\"283af8e\" data-element_type=\"widget\" data-e-type=\"widget\" data-widget_type=\"image.default\">\n\t\t\t\t\t\t\t\t\t\t\t\t\t\t\t<img decoding=\"async\" src=\"https:\/\/puertareal.ihermandad.es\/wp-content\/plugins\/elementor\/assets\/images\/placeholder.png\" title=\"\" alt=\"\" loading=\"lazy\" \/>\t\t\t\t\t\t\t\t\t\t\t\t\t\t\t<\/div>\n\t\t\t\t<\/div>\n\t\t<div class=\"elementor-element elementor-element-5128b51 e-con-full e-flex e-con e-child\" data-id=\"5128b51\" data-element_type=\"container\" data-e-type=\"container\">\n\t\t\t\t<div class=\"elementor-element elementor-element-21558db7 elementor-widget elementor-widget-text-editor\" data-id=\"21558db7\" data-element_type=\"widget\" data-e-type=\"widget\" data-widget_type=\"text-editor.default\">\n\t\t\t\t\t\t\t\t\t<p style=\"text-align: justify;\">Me complace poder dirigirme a los visitantes de esta p\u00e1gina que es una antesala de la Hermandad. Como dijo el fundador de los Paulinos, \u00ab&#8230;llegar a los hombres de hoy con los medios de hoy&#8230;\u00bb.<\/p><p style=\"text-align: justify;\">A estas palabras de bienvenida dirigida a todos, quiero que sigan otras de agradecimiento para con aquellos que se ocupan del mantenimiento de este atrio virtual, que hace grande, por virtud de la t\u00e9cnica, el recoleto recinto de la Puerta Real.<\/p><p style=\"text-align: justify;\">Los extramuros de nuestra ciudad, que sirven de marco a nuestra Corporaci\u00f3n, han definido siempre las lindes entre dos mundos que se antojan opuestos por muchas razones (sociales, econ\u00f3micas, etc&#8230;) pero llamados a entenderse y reconciliarse en el Mensaje del Maestro.<\/p><p style=\"text-align: justify;\">Algo as\u00ed nos ocurre a las hermandades con la realidad en que nos toca desarrollar nuestra labor, en el sentido de que, o nos implicamos en ella, en un deseo de transformarla por el servicio, o nuestra raz\u00f3n de ser ser\u00e1 vac\u00eda y carente de sentido.<\/p><p style=\"text-align: justify;\">Como ya os dijera en el Bolet\u00edn publicado el pasado mes de septiembre, servimos a Cristo, a su Iglesia y a su Cabeza Visible, Su santidad el Papa Benedicto XVI. En las distancias m\u00e1s cortas, este compromiso se concreta con nuesta Parroquia, nuestros hermanos y nuestro barrio, en la medida que lo permitan nuestras posiblidades, pero sin dar por perdida de antemano ninguna batalla por raz\u00f3n de nuestro tama\u00f1o o escasos medios, pues Dios bendice la obra de quienes le siguen de coraz\u00f3n.<\/p><p style=\"text-align: justify;\">Las Hermandades estamos para dar testimonio de Cristo ante los hombres y acercarlos a \u00c9l con su ejemplo. Ning\u00fan mejor ejemplo que una conducta intachable en el fondo y en la forma. En los cultos, la procesi\u00f3n y, sobre todo, durante el resto del a\u00f1o.<\/p><p style=\"text-align: justify;\">Ponemos en manos de Dios Redentor y bajo la protectora mirada de Nuestra Se\u00f1ora de las Mercedes, Su bendita madre, nuestras intenciones, obras y a nuestros hermanos en la confianza de que el servicio a todos, parroquianos y vecinos, ser\u00e1 la mejor semilla para abonar el huerto mercedario, que fue collaci\u00f3n donada por San Fernando a la Orden a cuyo amparo nacimos y crecimos, acunados por la devoci\u00f3n de un barrio, la Puerta Real.<\/p><p style=\"text-align: justify;\">Que as\u00ed sea.<\/p><p style=\"text-align: justify;\"><strong>Jes\u00fas David Loza Valverde &#8211; Hermano Mayor<\/strong><\/p>\t\t\t\t\t\t\t\t<\/div>\n\t\t\t\t<\/div>\n\t\t\t\t\t<\/div>\n\t\t\t\t<\/div>\n\t\t\t\t<\/div>\n\t\t","protected":false},"excerpt":{"rendered":"<p>Saluda del Hermano Mayor Me complace poder dirigirme a los visitantes de esta p\u00e1gina que es una antesala de la Hermandad. Como dijo el fundador de los Paulinos, \u00ab&#8230;llegar a los hombres de hoy con los medios de hoy&#8230;\u00bb. A estas palabras de bienvenida dirigida a todos, quiero que sigan otras de agradecimiento para con [&hellip;]<\/p>\n","protected":false},"author":2,"featured_media":0,"parent":0,"menu_order":0,"comment_status":"closed","ping_status":"closed","template":"","meta":{"footnotes":""},"class_list":["post-2033","page","type-page","status-publish","hentry"],"_links":{"self":[{"href":"https:\/\/puertareal.ihermandad.es\/index.php?rest_route=\/wp\/v2\/pages\/2033","targetHints":{"allow":["GET"]}}],"collection":[{"href":"https:\/\/puertareal.ihermandad.es\/index.php?rest_route=\/wp\/v2\/pages"}],"about":[{"href":"https:\/\/puertareal.ihermandad.es\/index.php?rest_route=\/wp\/v2\/types\/page"}],"author":[{"embeddable":true,"href":"https:\/\/puertareal.ihermandad.es\/index.php?rest_route=\/wp\/v2\/users\/2"}],"replies":[{"embeddable":true,"href":"https:\/\/puertareal.ihermandad.es\/index.php?rest_route=%2Fwp%2Fv2%2Fcomments&post=2033"}],"version-history":[{"count":4,"href":"https:\/\/puertareal.ihermandad.es\/index.php?rest_route=\/wp\/v2\/pages\/2033\/revisions"}],"predecessor-version":[{"id":3932,"href":"https:\/\/puertareal.ihermandad.es\/index.php?rest_route=\/wp\/v2\/pages\/2033\/revisions\/3932"}],"wp:attachment":[{"href":"https:\/\/puertareal.ihermandad.es\/index.php?rest_route=%2Fwp%2Fv2%2Fmedia&parent=2033"}],"curies":[{"name":"wp","href":"https:\/\/api.w.org\/{rel}","templated":true}]}}