{"id":2034,"date":"2013-10-28T19:21:45","date_gmt":"2013-10-28T19:21:45","guid":{"rendered":"http:\/\/www.mercedespuertareal.com\/?page_id=30"},"modified":"2025-11-07T18:27:52","modified_gmt":"2025-11-07T18:27:52","slug":"junta-de-gobierno","status":"publish","type":"page","link":"https:\/\/puertareal.ihermandad.es\/?page_id=2034","title":{"rendered":"Junta de Gobierno"},"content":{"rendered":"\t\t<div data-elementor-type=\"wp-page\" data-elementor-id=\"2034\" class=\"elementor elementor-2034\" data-elementor-post-type=\"page\">\n\t\t\t\t<div class=\"elementor-element elementor-element-39e7aa7 e-flex e-con-boxed e-con e-parent\" data-id=\"39e7aa7\" data-element_type=\"container\" data-e-type=\"container\">\n\t\t\t\t\t<div class=\"e-con-inner\">\n\t\t\t\t<div class=\"elementor-element elementor-element-89ce95c elementor-widget elementor-widget-heading\" data-id=\"89ce95c\" data-element_type=\"widget\" data-e-type=\"widget\" data-widget_type=\"heading.default\">\n\t\t\t\t\t<h2 class=\"elementor-heading-title elementor-size-default\">Junta de Gobierno<\/h2>\t\t\t\t<\/div>\n\t\t\t\t\t<\/div>\n\t\t\t\t<\/div>\n\t\t<div class=\"elementor-element elementor-element-abd9b2c e-flex e-con-boxed e-con e-parent\" data-id=\"abd9b2c\" data-element_type=\"container\" data-e-type=\"container\">\n\t\t\t\t\t<div class=\"e-con-inner\">\n\t\t<div class=\"elementor-element elementor-element-94a936a e-con-full e-flex e-con e-child\" data-id=\"94a936a\" data-element_type=\"container\" data-e-type=\"container\">\n\t\t\t\t<div class=\"elementor-element elementor-element-0a530c3 elementor-widget elementor-widget-image\" data-id=\"0a530c3\" data-element_type=\"widget\" data-e-type=\"widget\" data-widget_type=\"image.default\">\n\t\t\t\t\t\t\t\t\t\t\t\t\t\t\t<img decoding=\"async\" src=\"https:\/\/puertareal.ihermandad.es\/wp-content\/plugins\/elementor\/assets\/images\/placeholder.png\" title=\"\" alt=\"\" loading=\"lazy\" \/>\t\t\t\t\t\t\t\t\t\t\t\t\t\t\t<\/div>\n\t\t\t\t<div class=\"elementor-element elementor-element-b774b29 elementor-widget elementor-widget-heading\" data-id=\"b774b29\" data-element_type=\"widget\" data-e-type=\"widget\" data-widget_type=\"heading.default\">\n\t\t\t\t\t<h2 class=\"elementor-heading-title elementor-size-default\">Jes\u00fas David Loza Valverde<\/h2>\t\t\t\t<\/div>\n\t\t\t\t<div class=\"elementor-element elementor-element-a586ead elementor-widget elementor-widget-heading\" data-id=\"a586ead\" data-element_type=\"widget\" data-e-type=\"widget\" data-widget_type=\"heading.default\">\n\t\t\t\t\t<h2 class=\"elementor-heading-title elementor-size-default\">Hermano Mayor<\/h2>\t\t\t\t<\/div>\n\t\t\t\t<\/div>\n\t\t<div class=\"elementor-element elementor-element-7d6b871 e-con-full e-flex e-con e-child\" data-id=\"7d6b871\" data-element_type=\"container\" data-e-type=\"container\">\n\t\t\t\t<div class=\"elementor-element elementor-element-1bab809 elementor-widget elementor-widget-image\" data-id=\"1bab809\" data-element_type=\"widget\" data-e-type=\"widget\" data-widget_type=\"image.default\">\n\t\t\t\t\t\t\t\t\t\t\t\t\t\t\t<img decoding=\"async\" src=\"https:\/\/puertareal.ihermandad.es\/wp-content\/plugins\/elementor\/assets\/images\/placeholder.png\" title=\"\" alt=\"\" loading=\"lazy\" \/>\t\t\t\t\t\t\t\t\t\t\t\t\t\t\t<\/div>\n\t\t\t\t<div class=\"elementor-element elementor-element-170f732 elementor-widget elementor-widget-heading\" data-id=\"170f732\" data-element_type=\"widget\" data-e-type=\"widget\" data-widget_type=\"heading.default\">\n\t\t\t\t\t<h2 class=\"elementor-heading-title elementor-size-default\">Jes\u00fas David Loza Valverde<\/h2>\t\t\t\t<\/div>\n\t\t\t\t<div class=\"elementor-element elementor-element-c07698e elementor-widget elementor-widget-heading\" data-id=\"c07698e\" data-element_type=\"widget\" data-e-type=\"widget\" data-widget_type=\"heading.default\">\n\t\t\t\t\t<h2 class=\"elementor-heading-title elementor-size-default\">Hermano Mayor<\/h2>\t\t\t\t<\/div>\n\t\t\t\t<\/div>\n\t\t<div class=\"elementor-element elementor-element-49c2939 e-con-full e-flex e-con e-child\" data-id=\"49c2939\" data-element_type=\"container\" data-e-type=\"container\">\n\t\t\t\t<div class=\"elementor-element elementor-element-be65b65 elementor-widget elementor-widget-image\" data-id=\"be65b65\" data-element_type=\"widget\" data-e-type=\"widget\" data-widget_type=\"image.default\">\n\t\t\t\t\t\t\t\t\t\t\t\t\t\t\t<img decoding=\"async\" src=\"https:\/\/puertareal.ihermandad.es\/wp-content\/plugins\/elementor\/assets\/images\/placeholder.png\" title=\"\" alt=\"\" loading=\"lazy\" \/>\t\t\t\t\t\t\t\t\t\t\t\t\t\t\t<\/div>\n\t\t\t\t<div class=\"elementor-element elementor-element-aadea1e elementor-widget elementor-widget-heading\" data-id=\"aadea1e\" data-element_type=\"widget\" data-e-type=\"widget\" data-widget_type=\"heading.default\">\n\t\t\t\t\t<h2 class=\"elementor-heading-title elementor-size-default\">Jes\u00fas David Loza Valverde<\/h2>\t\t\t\t<\/div>\n\t\t\t\t<div class=\"elementor-element elementor-element-9b530f0 elementor-widget elementor-widget-heading\" data-id=\"9b530f0\" data-element_type=\"widget\" data-e-type=\"widget\" data-widget_type=\"heading.default\">\n\t\t\t\t\t<h2 class=\"elementor-heading-title elementor-size-default\">Hermano Mayor<\/h2>\t\t\t\t<\/div>\n\t\t\t\t<\/div>\n\t\t<div class=\"elementor-element elementor-element-d811fa1 e-con-full e-flex e-con e-child\" data-id=\"d811fa1\" data-element_type=\"container\" data-e-type=\"container\">\n\t\t\t\t<div class=\"elementor-element elementor-element-4f9e912 elementor-widget elementor-widget-image\" data-id=\"4f9e912\" data-element_type=\"widget\" data-e-type=\"widget\" data-widget_type=\"image.default\">\n\t\t\t\t\t\t\t\t\t\t\t\t\t\t\t<img decoding=\"async\" src=\"https:\/\/puertareal.ihermandad.es\/wp-content\/plugins\/elementor\/assets\/images\/placeholder.png\" title=\"\" alt=\"\" loading=\"lazy\" \/>\t\t\t\t\t\t\t\t\t\t\t\t\t\t\t<\/div>\n\t\t\t\t<div class=\"elementor-element elementor-element-6de8861 elementor-widget elementor-widget-heading\" data-id=\"6de8861\" data-element_type=\"widget\" data-e-type=\"widget\" data-widget_type=\"heading.default\">\n\t\t\t\t\t<h2 class=\"elementor-heading-title elementor-size-default\">Jes\u00fas David Loza Valverde<\/h2>\t\t\t\t<\/div>\n\t\t\t\t<div class=\"elementor-element elementor-element-6dfbe86 elementor-widget elementor-widget-heading\" data-id=\"6dfbe86\" data-element_type=\"widget\" data-e-type=\"widget\" data-widget_type=\"heading.default\">\n\t\t\t\t\t<h2 class=\"elementor-heading-title elementor-size-default\">Hermano Mayor<\/h2>\t\t\t\t<\/div>\n\t\t\t\t<\/div>\n\t\t<div class=\"elementor-element elementor-element-892866c e-con-full e-flex e-con e-child\" data-id=\"892866c\" data-element_type=\"container\" data-e-type=\"container\">\n\t\t\t\t<div class=\"elementor-element elementor-element-475ad74 elementor-widget elementor-widget-image\" data-id=\"475ad74\" data-element_type=\"widget\" data-e-type=\"widget\" data-widget_type=\"image.default\">\n\t\t\t\t\t\t\t\t\t\t\t\t\t\t\t<img decoding=\"async\" src=\"https:\/\/puertareal.ihermandad.es\/wp-content\/plugins\/elementor\/assets\/images\/placeholder.png\" title=\"\" alt=\"\" loading=\"lazy\" \/>\t\t\t\t\t\t\t\t\t\t\t\t\t\t\t<\/div>\n\t\t\t\t<div class=\"elementor-element elementor-element-6a19251 elementor-widget elementor-widget-heading\" data-id=\"6a19251\" data-element_type=\"widget\" data-e-type=\"widget\" data-widget_type=\"heading.default\">\n\t\t\t\t\t<h2 class=\"elementor-heading-title elementor-size-default\">Jes\u00fas David Loza Valverde<\/h2>\t\t\t\t<\/div>\n\t\t\t\t<div class=\"elementor-element elementor-element-8fb88f7 elementor-widget elementor-widget-heading\" data-id=\"8fb88f7\" data-element_type=\"widget\" data-e-type=\"widget\" data-widget_type=\"heading.default\">\n\t\t\t\t\t<h2 class=\"elementor-heading-title elementor-size-default\">Hermano Mayor<\/h2>\t\t\t\t<\/div>\n\t\t\t\t<\/div>\n\t\t<div class=\"elementor-element elementor-element-aed7383 e-con-full e-flex e-con e-child\" data-id=\"aed7383\" data-element_type=\"container\" data-e-type=\"container\">\n\t\t\t\t<div class=\"elementor-element elementor-element-5aac743 elementor-widget elementor-widget-image\" data-id=\"5aac743\" data-element_type=\"widget\" data-e-type=\"widget\" data-widget_type=\"image.default\">\n\t\t\t\t\t\t\t\t\t\t\t\t\t\t\t<img decoding=\"async\" src=\"https:\/\/puertareal.ihermandad.es\/wp-content\/plugins\/elementor\/assets\/images\/placeholder.png\" title=\"\" alt=\"\" loading=\"lazy\" \/>\t\t\t\t\t\t\t\t\t\t\t\t\t\t\t<\/div>\n\t\t\t\t<div class=\"elementor-element elementor-element-33c4f5b elementor-widget elementor-widget-heading\" data-id=\"33c4f5b\" data-element_type=\"widget\" data-e-type=\"widget\" data-widget_type=\"heading.default\">\n\t\t\t\t\t<h2 class=\"elementor-heading-title elementor-size-default\">Jes\u00fas David Loza Valverde<\/h2>\t\t\t\t<\/div>\n\t\t\t\t<div class=\"elementor-element elementor-element-af1e16a elementor-widget elementor-widget-heading\" data-id=\"af1e16a\" data-element_type=\"widget\" data-e-type=\"widget\" data-widget_type=\"heading.default\">\n\t\t\t\t\t<h2 class=\"elementor-heading-title elementor-size-default\">Hermano Mayor<\/h2>\t\t\t\t<\/div>\n\t\t\t\t<\/div>\n\t\t\t\t\t<\/div>\n\t\t\t\t<\/div>\n\t\t<div class=\"elementor-element elementor-element-03ddbba e-flex e-con-boxed e-con e-parent\" data-id=\"03ddbba\" data-element_type=\"container\" data-e-type=\"container\">\n\t\t\t\t\t<div class=\"e-con-inner\">\n\t\t<div class=\"elementor-element elementor-element-24a6109 e-con-full e-flex e-con e-child\" data-id=\"24a6109\" data-element_type=\"container\" data-e-type=\"container\">\n\t\t\t\t<div class=\"elementor-element elementor-element-51a1fd0 elementor-widget__width-initial elementor-widget elementor-widget-text-editor\" data-id=\"51a1fd0\" data-element_type=\"widget\" data-e-type=\"widget\" data-widget_type=\"text-editor.default\">\n\t\t\t\t\t\t\t\t\t<p>La composici\u00f3n de la Junta de Gobierno tras las elecciones celebradas el pasado 12 de febrero de 2018 queda de la siguiente manera:<\/p><ul><li><strong>Hermano Mayor:<\/strong> Jos\u00e9 Manuel Castro S\u00e1ez<\/li><li><strong>Teniente de Hermano Mayor:<\/strong>\u00a0Francisco Loza Bernal.<\/li><li><strong>Consiliario I:<\/strong> Jes\u00fas Mar\u00eda Calvillo Galisteo<\/li><li><strong>Consiliario II:<\/strong> Manuel Mart\u00edn Fajardo<\/li><li><strong>Consiliario III:<\/strong> Jos\u00e9 Mar\u00eda\u00a0G\u00f3mez Butr\u00f3n y\u00a0Mugica<\/li><li><strong>Fiscal:<\/strong> Jes\u00fas David Loza Valverde<\/li><li><strong>Mayordomo :<\/strong> \u00c1lvaro Fajardo Flores<\/li><li><strong>Secretaria General:<\/strong> Cristina Yanes G\u00f3mez<\/li><li><strong>Prioste I:<\/strong>Rafael Gonz\u00e1lez Barbeyto<\/li><li><strong>Prioste II:<\/strong> Ra\u00fal Molina Garc\u00eda<\/li><li><strong>Diputado de Cultos: <\/strong>Luis Fernando Morales Reina<\/li><li><strong>Los cargos de formaci\u00f3n, Diputado Mayor de Gobierno y Caridad, los ostentar\u00e1n, los consiliarios I,II y III respectivamente.\u00a0<\/strong><\/li><\/ul><p><strong>OTROS CARGOS Y RECONOCIMIENTOS<\/strong><\/p><p><u>\u00a0<\/u><\/p><p>Camareros del Cristo: Alberto Loza Valverde y Ignacio Fajardo Flores<\/p><p>Camareras de la Virgen de las Mercedes:<\/p><ul><li>Mar\u00eda Jos\u00e9 Venegas Gil<\/li><li>Mar\u00eda Jos\u00e9 Valverde Mu\u00f1oz<\/li><li>Carmen L\u00f3pez Pascual<\/li><li>Mar\u00eda Victoria Monta\u00f1ez Benitez<\/li><li>Mercedes Vergara C\u00e1rdenas<\/li><li>Dolores Rodriguez Bonilla<\/li><\/ul><p>Camareras Honorarias de la Virgen de las Mercedes: Comunidad de Religiosas \u00abSiervas de Jes\u00fas de\u00a0 la Caridad\u00bb<\/p><p>Vestidor:\u00a0Jos\u00e9 Manuel Lozano.<\/p><p>Vestidor de Honor:\u00a0Jos\u00e9 Alberto Gardu\u00f1o Navas.<\/p><p>Capataces de la Virgen de las Mercedes: Francisco Loza Bernal y Jos\u00e9 Garc\u00eda Monge.<\/p><p>Hermanos de Honor:<\/p><ul><li>Excmo. y Rvdmo. Sr. D. Francisco P\u00e9rez Gonz\u00e1lez, Arzobispo de Pamplona.<\/li><li>D. Manuel V\u00e1zquez V\u00e1zquez, Can\u00f3nigo Emerito de la Catedral de Sevilla.<\/li><li>D. Francisco Macaya Floristan.<\/li><li>Gabriel Sol\u00eds P\u00e9rez. Q.E.P.D.<\/li><li>Gabriel Sol\u00eds Carvajal.<\/li><\/ul><p>Medalla de Oro:\u00a0Fernando Gardu\u00f1o Mart\u00ednez. Q.E.P.D.<\/p>\t\t\t\t\t\t\t\t<\/div>\n\t\t\t\t<\/div>\n\t\t<div class=\"elementor-element elementor-element-7ce6d6d e-con-full e-flex e-con e-child\" data-id=\"7ce6d6d\" data-element_type=\"container\" data-e-type=\"container\">\n\t\t\t\t<\/div>\n\t\t\t\t\t<\/div>\n\t\t\t\t<\/div>\n\t\t\t\t<\/div>\n\t\t","protected":false},"excerpt":{"rendered":"<p>Junta de Gobierno Jes\u00fas David Loza Valverde Hermano Mayor Jes\u00fas David Loza Valverde Hermano Mayor Jes\u00fas David Loza Valverde Hermano Mayor Jes\u00fas David Loza Valverde Hermano Mayor Jes\u00fas David Loza Valverde Hermano Mayor Jes\u00fas David Loza Valverde Hermano Mayor La composici\u00f3n de la Junta de Gobierno tras las elecciones celebradas el pasado 12 de febrero [&hellip;]<\/p>\n","protected":false},"author":2,"featured_media":3531,"parent":0,"menu_order":0,"comment_status":"closed","ping_status":"closed","template":"","meta":{"footnotes":""},"class_list":["post-2034","page","type-page","status-publish","has-post-thumbnail","hentry"],"_links":{"self":[{"href":"https:\/\/puertareal.ihermandad.es\/index.php?rest_route=\/wp\/v2\/pages\/2034","targetHints":{"allow":["GET"]}}],"collection":[{"href":"https:\/\/puertareal.ihermandad.es\/index.php?rest_route=\/wp\/v2\/pages"}],"about":[{"href":"https:\/\/puertareal.ihermandad.es\/index.php?rest_route=\/wp\/v2\/types\/page"}],"author":[{"embeddable":true,"href":"https:\/\/puertareal.ihermandad.es\/index.php?rest_route=\/wp\/v2\/users\/2"}],"replies":[{"embeddable":true,"href":"https:\/\/puertareal.ihermandad.es\/index.php?rest_route=%2Fwp%2Fv2%2Fcomments&post=2034"}],"version-history":[{"count":15,"href":"https:\/\/puertareal.ihermandad.es\/index.php?rest_route=\/wp\/v2\/pages\/2034\/revisions"}],"predecessor-version":[{"id":4096,"href":"https:\/\/puertareal.ihermandad.es\/index.php?rest_route=\/wp\/v2\/pages\/2034\/revisions\/4096"}],"wp:featuredmedia":[{"embeddable":true,"href":"https:\/\/puertareal.ihermandad.es\/index.php?rest_route=\/"}],"wp:attachment":[{"href":"https:\/\/puertareal.ihermandad.es\/index.php?rest_route=%2Fwp%2Fv2%2Fmedia&parent=2034"}],"curies":[{"name":"wp","href":"https:\/\/api.w.org\/{rel}","templated":true}]}}