{"id":34,"date":"2013-10-28T19:22:19","date_gmt":"2013-10-28T19:22:19","guid":{"rendered":"http:\/\/www.mercedespuertareal.com\/?page_id=34"},"modified":"2025-11-08T09:27:25","modified_gmt":"2025-11-08T09:27:25","slug":"reglas","status":"publish","type":"page","link":"https:\/\/puertareal.ihermandad.es\/?page_id=34","title":{"rendered":"Reglas"},"content":{"rendered":"\t\t<div data-elementor-type=\"wp-page\" data-elementor-id=\"34\" class=\"elementor elementor-34\" data-elementor-post-type=\"page\">\n\t\t\t\t<div class=\"elementor-element elementor-element-9cc264d e-flex e-con-boxed e-con e-parent\" data-id=\"9cc264d\" data-element_type=\"container\" data-e-type=\"container\">\n\t\t\t\t\t<div class=\"e-con-inner\">\n\t\t\t\t<div class=\"elementor-element elementor-element-38bd949 elementor-widget elementor-widget-heading\" data-id=\"38bd949\" data-element_type=\"widget\" data-e-type=\"widget\" data-widget_type=\"heading.default\">\n\t\t\t\t\t<h2 class=\"elementor-heading-title elementor-size-default\">Reglas de la Hermandad<\/h2>\t\t\t\t<\/div>\n\t\t\t\t\t<\/div>\n\t\t\t\t<\/div>\n\t\t<div class=\"elementor-element elementor-element-b30aca2 e-flex e-con-boxed e-con e-parent\" data-id=\"b30aca2\" data-element_type=\"container\" data-e-type=\"container\">\n\t\t\t\t\t<div class=\"e-con-inner\">\n\t\t<div class=\"elementor-element elementor-element-6456fa1 e-con-full e-flex e-con e-child\" data-id=\"6456fa1\" data-element_type=\"container\" data-e-type=\"container\">\n\t\t\t\t<div class=\"elementor-element elementor-element-856f178 elementor-widget__width-initial elementor-widget elementor-widget-text-editor\" data-id=\"856f178\" data-element_type=\"widget\" data-e-type=\"widget\" data-widget_type=\"text-editor.default\">\n\t\t\t\t\t\t\t\t\t<p>Las actuales Reglas de la Hermandad corresponden al \u00faltimo proyecto aprobado en Cabildo General de Hermanos el pasado 12 de octubre de 2012 y ratificadas\u00a0por la Autoridad Eclesi\u00e1stica el pasado 18 de diciembre de 2013.<\/p>\t\t\t\t\t\t\t\t<\/div>\n\t\t\t\t<div class=\"elementor-element elementor-element-e473be1 elementor-widget elementor-widget-html\" data-id=\"e473be1\" data-element_type=\"widget\" data-e-type=\"widget\" data-widget_type=\"html.default\">\n\t\t\t\t\t<div style=\"width:100%; height:100vh;\">\n  <iframe \n    src=\"https:\/\/puertareal.ihermandad.es\/wp-content\/uploads\/2025\/11\/Reglas_MercedesPuertaReal.pdf#zoom=page-width\" \n    width=\"100%\" \n    height=\"100%\" \n    style=\"border:none;\"\n    allowfullscreen\n    loading=\"lazy\">\n  <\/iframe>\n<\/div>\n\t\t\t\t<\/div>\n\t\t\t\t<div class=\"elementor-element elementor-element-cfd4221 elementor-widget__width-initial elementor-widget elementor-widget-text-editor\" data-id=\"cfd4221\" data-element_type=\"widget\" data-e-type=\"widget\" data-widget_type=\"text-editor.default\">\n\t\t\t\t\t\t\t\t\t<p>Las reglas 24.5 y 74.3 tras la aprobaci\u00f3n de los hermanos para su modificaci\u00f3n y posteriormente por la Autoridad Eclesi\u00e1stica han quedado conformadas de la siguiente manera:<\/p><p><a href=\"http:\/\/www.mercedespuertareal.com\/?attachment_id=3276\" rel=\"attachment wp-att-3276\">Decreto modificaci\u00f3n Reglas I<\/a><\/p><p><a href=\"http:\/\/www.mercedespuertareal.com\/?attachment_id=3277\" rel=\"attachment wp-att-3277\">Decreto modificaci\u00f3n Reglas II<\/a><\/p>\t\t\t\t\t\t\t\t<\/div>\n\t\t\t\t<\/div>\n\t\t\t\t\t<\/div>\n\t\t\t\t<\/div>\n\t\t\t\t<\/div>\n\t\t","protected":false},"excerpt":{"rendered":"<p>Reglas de la Hermandad Las actuales Reglas de la Hermandad corresponden al \u00faltimo proyecto aprobado en Cabildo General de Hermanos el pasado 12 de octubre de 2012 y ratificadas\u00a0por la Autoridad Eclesi\u00e1stica el pasado 18 de diciembre de 2013. Las reglas 24.5 y 74.3 tras la aprobaci\u00f3n de los hermanos para su modificaci\u00f3n y posteriormente [&hellip;]<\/p>\n","protected":false},"author":2,"featured_media":0,"parent":0,"menu_order":0,"comment_status":"closed","ping_status":"closed","template":"","meta":{"footnotes":""},"class_list":["post-34","page","type-page","status-publish","hentry"],"_links":{"self":[{"href":"https:\/\/puertareal.ihermandad.es\/index.php?rest_route=\/wp\/v2\/pages\/34","targetHints":{"allow":["GET"]}}],"collection":[{"href":"https:\/\/puertareal.ihermandad.es\/index.php?rest_route=\/wp\/v2\/pages"}],"about":[{"href":"https:\/\/puertareal.ihermandad.es\/index.php?rest_route=\/wp\/v2\/types\/page"}],"author":[{"embeddable":true,"href":"https:\/\/puertareal.ihermandad.es\/index.php?rest_route=\/wp\/v2\/users\/2"}],"replies":[{"embeddable":true,"href":"https:\/\/puertareal.ihermandad.es\/index.php?rest_route=%2Fwp%2Fv2%2Fcomments&post=34"}],"version-history":[{"count":9,"href":"https:\/\/puertareal.ihermandad.es\/index.php?rest_route=\/wp\/v2\/pages\/34\/revisions"}],"predecessor-version":[{"id":4113,"href":"https:\/\/puertareal.ihermandad.es\/index.php?rest_route=\/wp\/v2\/pages\/34\/revisions\/4113"}],"wp:attachment":[{"href":"https:\/\/puertareal.ihermandad.es\/index.php?rest_route=%2Fwp%2Fv2%2Fmedia&parent=34"}],"curies":[{"name":"wp","href":"https:\/\/api.w.org\/{rel}","templated":true}]}}