{"id":525,"date":"2013-11-10T15:45:33","date_gmt":"2013-11-10T15:45:33","guid":{"rendered":"http:\/\/www.mercedespuertareal.com\/?page_id=525"},"modified":"2025-11-07T17:15:17","modified_gmt":"2025-11-07T17:15:17","slug":"sede-canonica-2","status":"publish","type":"page","link":"https:\/\/puertareal.ihermandad.es\/?page_id=525","title":{"rendered":"Sede Can\u00f3nica"},"content":{"rendered":"\t\t<div data-elementor-type=\"wp-page\" data-elementor-id=\"525\" class=\"elementor elementor-525\" data-elementor-post-type=\"page\">\n\t\t\t\t<div class=\"elementor-element elementor-element-4f94bd5 e-flex e-con-boxed e-con e-parent\" data-id=\"4f94bd5\" data-element_type=\"container\" data-e-type=\"container\">\n\t\t\t\t\t<div class=\"e-con-inner\">\n\t\t\t\t<div class=\"elementor-element elementor-element-c710115 elementor-widget elementor-widget-heading\" data-id=\"c710115\" data-element_type=\"widget\" data-e-type=\"widget\" data-widget_type=\"heading.default\">\n\t\t\t\t\t<h2 class=\"elementor-heading-title elementor-size-default\">Sede Can\u00f3nica<\/h2>\t\t\t\t<\/div>\n\t\t\t\t\t<\/div>\n\t\t\t\t<\/div>\n\t\t<div class=\"elementor-element elementor-element-238ecb5 e-flex e-con-boxed e-con e-parent\" data-id=\"238ecb5\" data-element_type=\"container\" data-e-type=\"container\">\n\t\t\t\t\t<div class=\"e-con-inner\">\n\t\t<div class=\"elementor-element elementor-element-a26cdd4 e-con-full e-flex e-con e-child\" data-id=\"a26cdd4\" data-element_type=\"container\" data-e-type=\"container\">\n\t\t\t\t<div class=\"elementor-element elementor-element-2025564 elementor-widget__width-initial elementor-widget elementor-widget-text-editor\" data-id=\"2025564\" data-element_type=\"widget\" data-e-type=\"widget\" data-widget_type=\"text-editor.default\">\n\t\t\t\t\t\t\t\t\t<p>El origen de la Capilla de Ntra. Sra. de las Mercedes reside en aquella primitiva hornacina que se hizo durante las reformas de la Puerta de Goles en 1565, donde por orden del asistente de la ciudad, D. Francisco Chac\u00f3n, se\u00f1or de Casarrubios, mand\u00f3 situar en la derecha de la misma un lienzo con Ntra. Sra. de la Merced en un peque\u00f1o retablo. Esta hornacina debi\u00f3 transformarse en peque\u00f1a capilla, que se arruin\u00f3, pues en el a\u00f1o 1718 el Cabildo secular de la ciudad autoriz\u00f3 a la Hermandad para que la reconstruyese con el informe favorable del Maestro Mayor del Cabildo, Marco Sancho. Este hecho prueba, de manera taxativa e indudable, que el retablo ya gozaba de cierto abolengo por estas fechas.<\/p><p>En 1859, antes de la Revoluci\u00f3n del a\u00f1o 68, fue derribada la Puerta Real (uno de los muchos atropellos urban\u00edsticos que cometieron los \u00abilustrados\u00bb), con lo que la capilla gan\u00f3 alg\u00fan espacio, destin\u00e1ndose su parte baja para iglesia y el alto para sala de la Hermandad.\u00a0Esto \u00faltimo ocurri\u00f3 as\u00ed: como forzosamente ten\u00edan que desaparecer los retablos que a la Puerta estaban adosados, la Hermandad rog\u00f3 al Ayuntamiento le concediera un peque\u00f1o local que ocupaban los \u00abguardas del consumo\u00bb, junto a la muralla, bajo el antiguo retablo de San Antonio. Concedida la autorizaci\u00f3n, con ciertas restricciones por parte de la ciudad, se labr\u00f3 el \u00e1mbito o solar que ocupa su actual sede.<\/p><p>La inscripci\u00f3n sobre m\u00e1rmol que se conserva actualmente dice lo siguiente: \u201c<em>Se hizo esta capilla a\u00f1o de 1865 siendo Hermano Mayor D. Joaqu\u00edn Bravo, Consiliario 1\u00ba D. Agust\u00edn Arroyo, I. D.\u00ba D. Eugenio Llano, Mayordomo D. Franco. Arroyo, Fiscal D. Ricardo Morales, Secretario D. Manuel Gallego y Capiller D. Ant\u00ba Molina<\/em>\u201d.<\/p><p>El descuido y abandono que arrastraba la capilla culmin\u00f3 cuando esta se hundi\u00f3 en el a\u00f1o 1930. Tra\u00edda la imagen de la Virgen, primero a la capilla del Museo y despu\u00e9s a la parroquia de San Vicente, un grupo de hermanos de las Siete Palabras quisieron reanimar su culto, instal\u00e1ndola provisionalmente en el recinto de esta cofrad\u00eda en un altar provisional de la nave del Evangelio. Entonces se intent\u00f3 reedificar la capilla de las Mercedes, y como no exist\u00eda entidad responsable para hacerse cargo de la obra, determinaron reorganizar la Hermandad, cuya Junta reorganizadora fue aprobada por Decreto del Arzobispado del d\u00eda 2 de agosto de 1.940 y se mando al Sr. Cura P\u00e1rroco de San Vicente que entregase la llave de la Capilla para que se hicieran las obras que constaban en el escrito que presento D. Fernando Valencia\u00a0de los Santos en julio de aquel a\u00f1o.\u00a0En 1940 se consigue el objetivo anterior. Se distinguieron en estas gestiones don Fernando Valencia de los Santos, el cual present\u00f3 un escrito en Palacio, y el sacerdote don Manuel Ruiz L\u00f3pez, de feliz memoria.<\/p><p>El aspecto actual que presenta la Capilla es fruto de la reedificaci\u00f3n efectuada en 1944 como consecuencia del hundimiento de los a\u00f1os 30. En ella intervino el arquitecto don Aurelio G\u00f3mez Mill\u00e1n, quien le dio un ligero perfil historicista, con ventanas pseudo-ojivales, portada en forma de arco conopial dispuesta aprovechando el chafl\u00e1n del solar, y sobremontada por peque\u00f1o campanil. El 24 de septiembre de ese a\u00f1o, el cardenal Segura bendijo la restaurada capilla, casi sacada otra vez de cimientos. Al siguiente domingo, 1 de octubre, la Virgen ser\u00eda trasladada desde San Vicente a su capilla en solemne procesi\u00f3n.<\/p><p>De los a\u00f1os 40 es el bello frontal de altar, que lleva la firma del ceramista Mensaque Rodr\u00edguez y C\u00eda, vi\u00e9ndose al centro el escudo mercedario entre dos \u00e1ngeles, todo ello realzado por primorosa ornamentaci\u00f3n neoplateresca (cabeza de bichas, roleos vegetales, cintas o placas recortadas, rosetones&#8230;). Tambi\u00e9n corresponde a esa \u00e9poca el z\u00f3calo de azulejos de arista.<\/p><p>La idea de la Hermandad durante los \u00faltimos a\u00f1os ha sido la de reformarla o agrandarla, proyecto que significaba un verdadero sue\u00f1o. Con fecha a 30 de diciembre de 1982, se compr\u00f3 la casa adyacente a la capilla para su futura ampliaci\u00f3n. Mas como el coste resultaba prohibitivo, al final se dividi\u00f3 el solar resultante, dando la mitad a un arquitecto para sus fines particulares. A cambio de ello dicho profesional se ocup\u00f3 de levantar la Casa de Hermandad adyacente que ciertamente supone un desahogo frente a las necesidades de espacio.\u00a0Hacia el oto\u00f1o de 1991, la Virgen volvi\u00f3 a su capilla de la Puerta Real tras la restauraci\u00f3n llevada a cabo en la misma durante los \u00faltimos meses.\u00a0El 9 de noviembre de 1998 se bendijo la nueva Casa de Hermandad,\u00a0construida al lado de la capilla.<\/p><p>El 24 de septiembre de 2002 fue bendecido un retablo cer\u00e1mico en el exterior de la capilla con la Sagrada Titular, obra del hermano Jos\u00e9 Mar\u00eda G\u00f3mez Cl\u00e9rigo, ofrenda de Gabriel Sol\u00eds P\u00e9rez y Gabriel Sol\u00eds Carvajal.<\/p><p>La capilla lleg\u00f3 a tener un altar de escayola para la Virgen de las Mercedes, pero su mal estado de conservaci\u00f3n hizo que se cubriera por un dosel realizado por Antonio Rinc\u00f3n del que actualmente solo se conserva parte de la gotera. Dicho altar fue derribado en las \u00faltimas intervenciones, realiz\u00e1ndose un camar\u00edn<\/p><p>En el lateral izquierdo de la capilla, que colinda con la muralla almohade, se ubican dos hornacinas para San Pancracio y San Pedro Nolasco. En el medio de las mismas se ubica la imagen del Santo Cristo de la Redenci\u00f3n. En el lateral derecho se encuentran los dos ventanales ya citadas con un peque\u00f1o retablo para San Fernando Rey y un pedestal con una peque\u00f1a imagen de San Mart\u00edn de Porres.en el mismo lugar aunque d\u00e1ndole mayor altura. En 2005, Jos\u00e9 Francisco Fernandez Rodr\u00edguez realiz\u00f3 una peana en forma de nube para el camar\u00edn de la capilla. A sus lados hay dos l\u00e1mpara repujadas modernas en forma de aceitero.<\/p>\t\t\t\t\t\t\t\t<\/div>\n\t\t\t\t<\/div>\n\t\t<div class=\"elementor-element elementor-element-cd029bf e-con-full e-flex e-con e-child\" data-id=\"cd029bf\" data-element_type=\"container\" data-e-type=\"container\">\n\t\t\t\t<div class=\"elementor-element elementor-element-d52cee2 elementor-widget__width-inherit elementor-widget elementor-widget-image\" data-id=\"d52cee2\" data-element_type=\"widget\" data-e-type=\"widget\" data-widget_type=\"image.default\">\n\t\t\t\t\t\t\t\t\t\t\t\t\t\t\t<img fetchpriority=\"high\" decoding=\"async\" width=\"800\" height=\"536\" src=\"https:\/\/puertareal.ihermandad.es\/wp-content\/uploads\/2025\/11\/Sede-Puerta-Real-2.jpg\" class=\"attachment-2048x2048 size-2048x2048 wp-image-4036\" alt=\"Sede Mercedes Puerta Real Sevilla\" srcset=\"https:\/\/puertareal.ihermandad.es\/wp-content\/uploads\/2025\/11\/Sede-Puerta-Real-2.jpg 800w, https:\/\/puertareal.ihermandad.es\/wp-content\/uploads\/2025\/11\/Sede-Puerta-Real-2-300x201.jpg 300w, https:\/\/puertareal.ihermandad.es\/wp-content\/uploads\/2025\/11\/Sede-Puerta-Real-2-768x515.jpg 768w\" sizes=\"(max-width: 800px) 100vw, 800px\" \/>\t\t\t\t\t\t\t\t\t\t\t\t\t\t\t<\/div>\n\t\t\t\t<div class=\"elementor-element elementor-element-628588f elementor-widget__width-inherit elementor-widget elementor-widget-image\" data-id=\"628588f\" data-element_type=\"widget\" data-e-type=\"widget\" data-widget_type=\"image.default\">\n\t\t\t\t\t\t\t\t\t\t\t\t\t\t\t<img decoding=\"async\" width=\"800\" height=\"536\" src=\"https:\/\/puertareal.ihermandad.es\/wp-content\/uploads\/2025\/11\/Sede-Puerta-Real.jpg\" class=\"attachment-2048x2048 size-2048x2048 wp-image-4037\" alt=\"Sede Mercedes Puerta Real Sevilla\" srcset=\"https:\/\/puertareal.ihermandad.es\/wp-content\/uploads\/2025\/11\/Sede-Puerta-Real.jpg 800w, https:\/\/puertareal.ihermandad.es\/wp-content\/uploads\/2025\/11\/Sede-Puerta-Real-300x201.jpg 300w, https:\/\/puertareal.ihermandad.es\/wp-content\/uploads\/2025\/11\/Sede-Puerta-Real-768x515.jpg 768w\" sizes=\"(max-width: 800px) 100vw, 800px\" \/>\t\t\t\t\t\t\t\t\t\t\t\t\t\t\t<\/div>\n\t\t\t\t<div class=\"elementor-element elementor-element-ac12d55 elementor-widget__width-inherit elementor-widget elementor-widget-image\" data-id=\"ac12d55\" data-element_type=\"widget\" data-e-type=\"widget\" data-widget_type=\"image.default\">\n\t\t\t\t\t\t\t\t\t\t\t\t\t\t\t<img decoding=\"async\" width=\"1080\" height=\"1538\" src=\"https:\/\/puertareal.ihermandad.es\/wp-content\/uploads\/2025\/11\/Sede-Puerta-Real-3.jpg\" class=\"attachment-2048x2048 size-2048x2048 wp-image-4039\" alt=\"Sede Mercedes Puerta Real Sevilla\" srcset=\"https:\/\/puertareal.ihermandad.es\/wp-content\/uploads\/2025\/11\/Sede-Puerta-Real-3.jpg 1080w, https:\/\/puertareal.ihermandad.es\/wp-content\/uploads\/2025\/11\/Sede-Puerta-Real-3-211x300.jpg 211w, https:\/\/puertareal.ihermandad.es\/wp-content\/uploads\/2025\/11\/Sede-Puerta-Real-3-719x1024.jpg 719w, https:\/\/puertareal.ihermandad.es\/wp-content\/uploads\/2025\/11\/Sede-Puerta-Real-3-768x1094.jpg 768w, https:\/\/puertareal.ihermandad.es\/wp-content\/uploads\/2025\/11\/Sede-Puerta-Real-3-1079x1536.jpg 1079w\" sizes=\"(max-width: 1080px) 100vw, 1080px\" \/>\t\t\t\t\t\t\t\t\t\t\t\t\t\t\t<\/div>\n\t\t\t\t<\/div>\n\t\t\t\t\t<\/div>\n\t\t\t\t<\/div>\n\t\t\t\t<\/div>\n\t\t","protected":false},"excerpt":{"rendered":"<p>Sede Can\u00f3nica El origen de la Capilla de Ntra. Sra. de las Mercedes reside en aquella primitiva hornacina que se hizo durante las reformas de la Puerta de Goles en 1565, donde por orden del asistente de la ciudad, D. Francisco Chac\u00f3n, se\u00f1or de Casarrubios, mand\u00f3 situar en la derecha de la misma un lienzo [&hellip;]<\/p>\n","protected":false},"author":2,"featured_media":0,"parent":0,"menu_order":0,"comment_status":"closed","ping_status":"closed","template":"","meta":{"footnotes":""},"class_list":["post-525","page","type-page","status-publish","hentry"],"_links":{"self":[{"href":"https:\/\/puertareal.ihermandad.es\/index.php?rest_route=\/wp\/v2\/pages\/525","targetHints":{"allow":["GET"]}}],"collection":[{"href":"https:\/\/puertareal.ihermandad.es\/index.php?rest_route=\/wp\/v2\/pages"}],"about":[{"href":"https:\/\/puertareal.ihermandad.es\/index.php?rest_route=\/wp\/v2\/types\/page"}],"author":[{"embeddable":true,"href":"https:\/\/puertareal.ihermandad.es\/index.php?rest_route=\/wp\/v2\/users\/2"}],"replies":[{"embeddable":true,"href":"https:\/\/puertareal.ihermandad.es\/index.php?rest_route=%2Fwp%2Fv2%2Fcomments&post=525"}],"version-history":[{"count":3,"href":"https:\/\/puertareal.ihermandad.es\/index.php?rest_route=\/wp\/v2\/pages\/525\/revisions"}],"predecessor-version":[{"id":4042,"href":"https:\/\/puertareal.ihermandad.es\/index.php?rest_route=\/wp\/v2\/pages\/525\/revisions\/4042"}],"wp:attachment":[{"href":"https:\/\/puertareal.ihermandad.es\/index.php?rest_route=%2Fwp%2Fv2%2Fmedia&parent=525"}],"curies":[{"name":"wp","href":"https:\/\/api.w.org\/{rel}","templated":true}]}}