{"id":527,"date":"2013-11-10T15:46:52","date_gmt":"2013-11-10T15:46:52","guid":{"rendered":"http:\/\/www.mercedespuertareal.com\/?page_id=527"},"modified":"2025-11-08T10:41:57","modified_gmt":"2025-11-08T10:41:57","slug":"patrimonio-musical","status":"publish","type":"page","link":"https:\/\/puertareal.ihermandad.es\/?page_id=527","title":{"rendered":"Patrimonio Musical"},"content":{"rendered":"\t\t<div data-elementor-type=\"wp-page\" data-elementor-id=\"527\" class=\"elementor elementor-527\" data-elementor-post-type=\"page\">\n\t\t\t\t<div class=\"elementor-element elementor-element-a3742ad e-flex e-con-boxed e-con e-parent\" data-id=\"a3742ad\" data-element_type=\"container\" data-e-type=\"container\">\n\t\t\t\t\t<div class=\"e-con-inner\">\n\t\t\t\t<div class=\"elementor-element elementor-element-35552f2 elementor-widget elementor-widget-heading\" data-id=\"35552f2\" data-element_type=\"widget\" data-e-type=\"widget\" data-widget_type=\"heading.default\">\n\t\t\t\t\t<h2 class=\"elementor-heading-title elementor-size-default\">Patrimonio Musical<\/h2>\t\t\t\t<\/div>\n\t\t\t\t\t<\/div>\n\t\t\t\t<\/div>\n\t\t<div class=\"elementor-element elementor-element-f745de5 e-flex e-con-boxed e-con e-parent\" data-id=\"f745de5\" data-element_type=\"container\" data-e-type=\"container\">\n\t\t\t\t\t<div class=\"e-con-inner\">\n\t\t<div class=\"elementor-element elementor-element-6b8f61e e-con-full e-flex e-con e-child\" data-id=\"6b8f61e\" data-element_type=\"container\" data-e-type=\"container\">\n\t\t\t\t<div class=\"elementor-element elementor-element-9d110c3 elementor-widget__width-initial elementor-widget elementor-widget-text-editor\" data-id=\"9d110c3\" data-element_type=\"widget\" data-e-type=\"widget\" data-widget_type=\"text-editor.default\">\n\t\t\t\t\t\t\t\t\t<p><strong>\u00ab<em>LA PUERTA DEL CIELO<\/em>\u00ab:<\/strong>\u00a0 compuesta por el gaditano Juan Antonio Verd\u00eda Diaz en el a\u00f1o 2003 y donada por Gabriel Solis Carvajal. Grabaci\u00f3n en directo realizada en la procesi\u00f3n de la Sant\u00edsima Virgen, por la Banda Municipal de la Puebla del r\u00edo.<\/p>\t\t\t\t\t\t\t\t<\/div>\n\t\t\t\t<div class=\"elementor-element elementor-element-298ccdb elementor-widget elementor-widget-html\" data-id=\"298ccdb\" data-element_type=\"widget\" data-e-type=\"widget\" data-widget_type=\"html.default\">\n\t\t\t\t\t<audio controls autoplay style=\"width: 100%;\">\n  <source src=\"https:\/\/puertareal.ihermandad.es\/wp-content\/uploads\/2025\/11\/Puerta-del-Cielo.mp3\" type=\"audio\/mpeg\">\n<\/audio>\n\t\t\t\t<\/div>\n\t\t\t\t<div class=\"elementor-element elementor-element-fc13930 elementor-widget__width-initial elementor-widget elementor-widget-text-editor\" data-id=\"fc13930\" data-element_type=\"widget\" data-e-type=\"widget\" data-widget_type=\"text-editor.default\">\n\t\t\t\t\t\t\t\t\t<p><strong>\u00ab<em>MERCEDES CORONADA DE LA PUERTA REAL<\/em>\u00ab:<\/strong> compuesta por Manuel Rodr\u00edguez Pedrinazzi en el a\u00f1o 2000 y donada por Gabriel Solis Carvajal. Grabaci\u00f3n en directo realizada en la procesi\u00f3n de la Sant\u00edsima Virgen, por la Banda Municipal de la Puebla del r\u00edo.<\/p>\t\t\t\t\t\t\t\t<\/div>\n\t\t\t\t<div class=\"elementor-element elementor-element-655798c elementor-widget elementor-widget-html\" data-id=\"655798c\" data-element_type=\"widget\" data-e-type=\"widget\" data-widget_type=\"html.default\">\n\t\t\t\t\t<audio controls style=\"width: 100%;\">\n  <source src=\"https:\/\/puertareal.ihermandad.es\/wp-content\/uploads\/2025\/11\/Mercedes-Coronada.mp3\" type=\"audio\/mpeg\">\n  Tu navegador no soporta la reproducci\u00f3n de audio.\n<\/audio>\n\t\t\t\t<\/div>\n\t\t\t\t<div class=\"elementor-element elementor-element-0ea8fd4 elementor-widget__width-initial elementor-widget elementor-widget-text-editor\" data-id=\"0ea8fd4\" data-element_type=\"widget\" data-e-type=\"widget\" data-widget_type=\"text-editor.default\">\n\t\t\t\t\t\t\t\t\t<p><strong>\u00ab<em>MERCEDES DE LA PUERTA REAL<\/em>\u00bb O \u00ab<em>VIRGEN DE LAS MERCEDES<\/em>\u00ab:<\/strong> compuesta por Enrique Garc\u00eda Mu\u00f1oz en 1972, por entonces director de la Banda de la Cruz Roja. Se trata de una marcha lenta con cornetas y tambores. Se interpreto por primera vez tras el acto de la coronaci\u00f3n. Grabaci\u00f3n del CD titulado <em>Hiniesta<\/em>.<\/p>\t\t\t\t\t\t\t\t<\/div>\n\t\t\t\t<div class=\"elementor-element elementor-element-0eb4f6a elementor-widget elementor-widget-html\" data-id=\"0eb4f6a\" data-element_type=\"widget\" data-e-type=\"widget\" data-widget_type=\"html.default\">\n\t\t\t\t\t<audio controls style=\"width: 100%;\">\n  <source src=\"https:\/\/puertareal.ihermandad.es\/wp-content\/uploads\/2025\/11\/Virgen-de-las-Mercedes-Puerta-Real.mp3\" type=\"audio\/mpeg\">\n  Tu navegador no soporta la reproducci\u00f3n de audio.\n<\/audio>\n\t\t\t\t<\/div>\n\t\t\t\t<div class=\"elementor-element elementor-element-2be439d elementor-widget__width-initial elementor-widget elementor-widget-text-editor\" data-id=\"2be439d\" data-element_type=\"widget\" data-e-type=\"widget\" data-widget_type=\"text-editor.default\">\n\t\t\t\t\t\t\t\t\t<p><strong><em>SALVE DE 1815<\/em>:<\/strong> \u201cSalve que se canta en el Rosario de la Aurora de Ntra. Sra. de la Merced en su capilla de la Puerta Real por sus Hermanos Cofrades\u201d. \u201cCon licencia. Sevilla, Imprenta de Don Bartolom\u00e9 Caro y Hern\u00e1ndez, 1815\u201d.Sus primeros versos dicen: \u201cDios te salve, Virgen Pura, \/ Reyna del Cielo y la tierra, \/ Luna clara sin menguante, \/ Luciente y hermosa estrella. \/ Dios te salve hermosa Aurora \/ que disipas las tinieblas, \/ del pecado malicioso \/ que influye en nuestras miserias. \/ Vida que nos vivificas, \/ Dulzura que nos consuelas\u2026.\u201d<\/p><p><strong><em>AD MATUTINUM INVITATORIUM<\/em>:<\/strong> Dos libros con partitura, id\u00e9nticos, forrados en cuero o bayeta roja, fechados en 9 de septiembre de 1898. Est\u00e1n dedicados a la Hermandad del Stmo. Cristo de la Redenci\u00f3n y Ntra. Sra. de las Mercedes de la Puerta Real<\/p><p><strong><em>NUEVA SALVE<\/em>:<\/strong> del a\u00f1o 2005 con letra de los hermanos Gabriel Sol\u00eds Carvajal e Ildefonso Gil Asencio, y parte musical de \u00f3rgano a cargo de Juan Antonio Verd\u00eda D\u00edaz.<\/p>\t\t\t\t\t\t\t\t<\/div>\n\t\t\t\t<\/div>\n\t\t<div class=\"elementor-element elementor-element-a24ec10 e-con-full e-flex e-con e-child\" data-id=\"a24ec10\" data-element_type=\"container\" data-e-type=\"container\">\n\t\t\t\t<\/div>\n\t\t\t\t\t<\/div>\n\t\t\t\t<\/div>\n\t\t\t\t<\/div>\n\t\t","protected":false},"excerpt":{"rendered":"<p>Patrimonio Musical \u00abLA PUERTA DEL CIELO\u00ab:\u00a0 compuesta por el gaditano Juan Antonio Verd\u00eda Diaz en el a\u00f1o 2003 y donada por Gabriel Solis Carvajal. Grabaci\u00f3n en directo realizada en la procesi\u00f3n de la Sant\u00edsima Virgen, por la Banda Municipal de la Puebla del r\u00edo. \u00abMERCEDES CORONADA DE LA PUERTA REAL\u00ab: compuesta por Manuel Rodr\u00edguez Pedrinazzi [&hellip;]<\/p>\n","protected":false},"author":2,"featured_media":0,"parent":0,"menu_order":0,"comment_status":"closed","ping_status":"closed","template":"","meta":{"footnotes":""},"class_list":["post-527","page","type-page","status-publish","hentry"],"_links":{"self":[{"href":"https:\/\/puertareal.ihermandad.es\/index.php?rest_route=\/wp\/v2\/pages\/527","targetHints":{"allow":["GET"]}}],"collection":[{"href":"https:\/\/puertareal.ihermandad.es\/index.php?rest_route=\/wp\/v2\/pages"}],"about":[{"href":"https:\/\/puertareal.ihermandad.es\/index.php?rest_route=\/wp\/v2\/types\/page"}],"author":[{"embeddable":true,"href":"https:\/\/puertareal.ihermandad.es\/index.php?rest_route=\/wp\/v2\/users\/2"}],"replies":[{"embeddable":true,"href":"https:\/\/puertareal.ihermandad.es\/index.php?rest_route=%2Fwp%2Fv2%2Fcomments&post=527"}],"version-history":[{"count":3,"href":"https:\/\/puertareal.ihermandad.es\/index.php?rest_route=\/wp\/v2\/pages\/527\/revisions"}],"predecessor-version":[{"id":4166,"href":"https:\/\/puertareal.ihermandad.es\/index.php?rest_route=\/wp\/v2\/pages\/527\/revisions\/4166"}],"wp:attachment":[{"href":"https:\/\/puertareal.ihermandad.es\/index.php?rest_route=%2Fwp%2Fv2%2Fmedia&parent=527"}],"curies":[{"name":"wp","href":"https:\/\/api.w.org\/{rel}","templated":true}]}}