{"id":544,"date":"2013-11-11T09:06:00","date_gmt":"2013-11-11T09:06:00","guid":{"rendered":"http:\/\/www.mercedespuertareal.com\/?page_id=544"},"modified":"2025-11-07T17:27:02","modified_gmt":"2025-11-07T17:27:02","slug":"santo-cristo-de-la-redencion","status":"publish","type":"page","link":"https:\/\/puertareal.ihermandad.es\/?page_id=544","title":{"rendered":"Santo Cristo de la Redenci\u00f3n"},"content":{"rendered":"\t\t<div data-elementor-type=\"wp-page\" data-elementor-id=\"544\" class=\"elementor elementor-544\" data-elementor-post-type=\"page\">\n\t\t\t\t<div class=\"elementor-element elementor-element-4417ebd e-flex e-con-boxed e-con e-parent\" data-id=\"4417ebd\" data-element_type=\"container\" data-e-type=\"container\">\n\t\t\t\t\t<div class=\"e-con-inner\">\n\t\t\t\t<div class=\"elementor-element elementor-element-315f72e elementor-widget elementor-widget-heading\" data-id=\"315f72e\" data-element_type=\"widget\" data-e-type=\"widget\" data-widget_type=\"heading.default\">\n\t\t\t\t\t<h2 class=\"elementor-heading-title elementor-size-default\">Santo Cristo del Redenci\u00f3n<\/h2>\t\t\t\t<\/div>\n\t\t\t\t\t<\/div>\n\t\t\t\t<\/div>\n\t\t<div class=\"elementor-element elementor-element-7ee0f54 e-flex e-con-boxed e-con e-parent\" data-id=\"7ee0f54\" data-element_type=\"container\" data-e-type=\"container\">\n\t\t\t\t\t<div class=\"e-con-inner\">\n\t\t<div class=\"elementor-element elementor-element-a70d1a6 e-con-full e-flex e-con e-child\" data-id=\"a70d1a6\" data-element_type=\"container\" data-e-type=\"container\">\n\t\t\t\t<div class=\"elementor-element elementor-element-c21fd21 elementor-widget__width-initial elementor-widget elementor-widget-text-editor\" data-id=\"c21fd21\" data-element_type=\"widget\" data-e-type=\"widget\" data-widget_type=\"text-editor.default\">\n\t\t\t\t\t\t\t\t\t<p>Desde 1875 la Hermandad de Ntra. Sra. de las Mercedes de la Puerta Real tiene como titular al Cristo de la Redenci\u00f3n, en referencia a la imagen de Jes\u00fas Crucificado que estaba al otro lado de la puerta.<\/p><p>El antiguo Crucificado de este t\u00edtulo era una efigie hecha en pasta de papel que se conservaba en malas condiciones.<\/p><p>La actual imagen es obra del insigne imaginero Antonio J. Dub\u00e9 de Luque, realizada en 1987 en madera de cedro y de tama\u00f1o acad\u00e9mico. Es una escultura en madera seg\u00fan los c\u00e1nones realistas del barroco sevillano, flexionada, que mide en l\u00ednea recta 1,57 m.<\/p><p>Fue bendecido dos a\u00f1os mas tarde en febrero de 1989, en la parroquia de San Vicente.<\/p><p>En el 2004 fue restaurada la cruz del Se\u00f1or al haberse detectado problemas de xil\u00f3fagos en el cajillo de la cruz.<\/p><p>Hasta hace unos a\u00f1os adem\u00e1s de los anuales cultos (Besapi\u00e9s, Solemne Funci\u00f3n y Meditaci\u00f3n), se realizaba un V\u00eda Crucis externo con el Stmo. Cristo por las calles de la feligres\u00eda, acto que se dej\u00f3 de realizar por motivos que se desconocen.<\/p><p>En el a\u00f1o 2012, con motivo del XXV aniversario de la ejecuci\u00f3n de la talla, la Hermandad dot\u00f3 de un car\u00e1cter extraordinario los anuales cultos de Cuaresma, celebr\u00e1ndose el viernes 9 de marzo el acto del V\u00eda Crucis de manera externa por las calles de la feligres\u00eda hasta la Parroquia de San Vicente, donde permaneci\u00f3 toda la jornada del s\u00e1bado en besapi\u00e9s y regres\u00f3 a la Capilla tras la celebraci\u00f3n de la Solemne Funci\u00f3n en su honor.<\/p>\t\t\t\t\t\t\t\t<\/div>\n\t\t\t\t<\/div>\n\t\t<div class=\"elementor-element elementor-element-635e49a e-con-full e-flex e-con e-child\" data-id=\"635e49a\" data-element_type=\"container\" data-e-type=\"container\">\n\t\t\t\t<div class=\"elementor-element elementor-element-ce255a5 elementor-widget__width-inherit elementor-widget elementor-widget-image\" data-id=\"ce255a5\" data-element_type=\"widget\" data-e-type=\"widget\" data-widget_type=\"image.default\">\n\t\t\t\t\t\t\t\t\t\t\t\t\t\t\t<img fetchpriority=\"high\" decoding=\"async\" width=\"500\" height=\"747\" src=\"https:\/\/puertareal.ihermandad.es\/wp-content\/uploads\/2025\/11\/Stmo-Cristo-de-la-Redencion-Puerta-Real.jpg\" class=\"attachment-large size-large wp-image-4043\" alt=\"Stmo Cristo de la Redenci\u00f3n Puerta Real\" srcset=\"https:\/\/puertareal.ihermandad.es\/wp-content\/uploads\/2025\/11\/Stmo-Cristo-de-la-Redencion-Puerta-Real.jpg 500w, https:\/\/puertareal.ihermandad.es\/wp-content\/uploads\/2025\/11\/Stmo-Cristo-de-la-Redencion-Puerta-Real-201x300.jpg 201w\" sizes=\"(max-width: 500px) 100vw, 500px\" \/>\t\t\t\t\t\t\t\t\t\t\t\t\t\t\t<\/div>\n\t\t\t\t<\/div>\n\t\t\t\t\t<\/div>\n\t\t\t\t<\/div>\n\t\t<div class=\"elementor-element elementor-element-610a3ad2 e-flex e-con-boxed e-con e-parent\" data-id=\"610a3ad2\" data-element_type=\"container\" data-e-type=\"container\">\n\t\t\t\t\t<div class=\"e-con-inner\">\n\t\t\t\t\t<\/div>\n\t\t\t\t<\/div>\n\t\t\t\t<\/div>\n\t\t","protected":false},"excerpt":{"rendered":"<p>Santo Cristo del Redenci\u00f3n Desde 1875 la Hermandad de Ntra. Sra. de las Mercedes de la Puerta Real tiene como titular al Cristo de la Redenci\u00f3n, en referencia a la imagen de Jes\u00fas Crucificado que estaba al otro lado de la puerta. El antiguo Crucificado de este t\u00edtulo era una efigie hecha en pasta de [&hellip;]<\/p>\n","protected":false},"author":2,"featured_media":0,"parent":0,"menu_order":0,"comment_status":"closed","ping_status":"closed","template":"","meta":{"footnotes":""},"class_list":["post-544","page","type-page","status-publish","hentry"],"_links":{"self":[{"href":"https:\/\/puertareal.ihermandad.es\/index.php?rest_route=\/wp\/v2\/pages\/544","targetHints":{"allow":["GET"]}}],"collection":[{"href":"https:\/\/puertareal.ihermandad.es\/index.php?rest_route=\/wp\/v2\/pages"}],"about":[{"href":"https:\/\/puertareal.ihermandad.es\/index.php?rest_route=\/wp\/v2\/types\/page"}],"author":[{"embeddable":true,"href":"https:\/\/puertareal.ihermandad.es\/index.php?rest_route=\/wp\/v2\/users\/2"}],"replies":[{"embeddable":true,"href":"https:\/\/puertareal.ihermandad.es\/index.php?rest_route=%2Fwp%2Fv2%2Fcomments&post=544"}],"version-history":[{"count":3,"href":"https:\/\/puertareal.ihermandad.es\/index.php?rest_route=\/wp\/v2\/pages\/544\/revisions"}],"predecessor-version":[{"id":4047,"href":"https:\/\/puertareal.ihermandad.es\/index.php?rest_route=\/wp\/v2\/pages\/544\/revisions\/4047"}],"wp:attachment":[{"href":"https:\/\/puertareal.ihermandad.es\/index.php?rest_route=%2Fwp%2Fv2%2Fmedia&parent=544"}],"curies":[{"name":"wp","href":"https:\/\/api.w.org\/{rel}","templated":true}]}}