{"id":546,"date":"2013-11-11T09:06:11","date_gmt":"2013-11-11T09:06:11","guid":{"rendered":"http:\/\/www.mercedespuertareal.com\/?page_id=546"},"modified":"2025-11-07T17:33:14","modified_gmt":"2025-11-07T17:33:14","slug":"san-pedro-nolasco","status":"publish","type":"page","link":"https:\/\/puertareal.ihermandad.es\/?page_id=546","title":{"rendered":"San Pedro Nolasco"},"content":{"rendered":"\t\t<div data-elementor-type=\"wp-page\" data-elementor-id=\"546\" class=\"elementor elementor-546\" data-elementor-post-type=\"page\">\n\t\t\t\t<div class=\"elementor-element elementor-element-5ed5ce7 e-flex e-con-boxed e-con e-parent\" data-id=\"5ed5ce7\" data-element_type=\"container\" data-e-type=\"container\">\n\t\t\t\t\t<div class=\"e-con-inner\">\n\t\t\t\t<div class=\"elementor-element elementor-element-abb552a elementor-widget elementor-widget-heading\" data-id=\"abb552a\" data-element_type=\"widget\" data-e-type=\"widget\" data-widget_type=\"heading.default\">\n\t\t\t\t\t<h2 class=\"elementor-heading-title elementor-size-default\">San Pedro Nolasco<\/h2>\t\t\t\t<\/div>\n\t\t\t\t\t<\/div>\n\t\t\t\t<\/div>\n\t\t<div class=\"elementor-element elementor-element-4ce3aae e-flex e-con-boxed e-con e-parent\" data-id=\"4ce3aae\" data-element_type=\"container\" data-e-type=\"container\">\n\t\t\t\t\t<div class=\"e-con-inner\">\n\t\t<div class=\"elementor-element elementor-element-ee65187 e-con-full e-flex e-con e-child\" data-id=\"ee65187\" data-element_type=\"container\" data-e-type=\"container\">\n\t\t\t\t<div class=\"elementor-element elementor-element-27d75e1 elementor-widget__width-initial elementor-widget elementor-widget-text-editor\" data-id=\"27d75e1\" data-element_type=\"widget\" data-e-type=\"widget\" data-widget_type=\"text-editor.default\">\n\t\t\t\t\t\t\t\t\t<p>Se trata de una imagen an\u00f3nima del siglo XVIII, ejecutada en madera y telas encoladas y de tama\u00f1o acad\u00e9mico. Est\u00e1 situada en una hornacina de la capilla, en la m\u00e1s cercana al camar\u00edn de la Virgen de las Mercedes.<\/p><p>Durante el a\u00f1o 1983 dicha efigie de San Pedro Nolasco fue restaurada en su totalidad por el joven hermano Francisco Javier Aranda Rold\u00e1n, quien policrom\u00f3 sus vestiduras.<\/p><p>La talla representa al fundador de la Orden de la Merced que viste con telas encoladas los ropajes propios de los mercedarios. En su mano derecha sostiene un bander\u00edn de la orden, que data del mismo a\u00f1o de la restauraci\u00f3n de la imagen y elaborado por Rinc\u00f3n en sustituci\u00f3n de otro anterior que hab\u00eda; y de su mano derecha cuelgan unos grilletes. Adem\u00e1s la imagen lleva una aureola en metal plateado.<\/p><p>En 2008 el equipo de priost\u00eda instal\u00f3 un altar al paso del Corpus de San Vicente que ese a\u00f1o discurri\u00f3 por delante de nuestra Capilla. La imagen de San Pedro Nolasco fue la que presidi\u00f3 dicho altar.<\/p><p>Adem\u00e1s, en el a\u00f1o 2010 la imagen fue llevada a la sede del Circulo Mercantil e Industrial de la calle Sierpes con motivo de la Exposici\u00f3n \u00abRecuerdos de un pasado de Glorias\u00bb, organizada por el Consejo General de Hermandades y Cofrad\u00edas con la secci\u00f3n de Glorias.<\/p>\t\t\t\t\t\t\t\t<\/div>\n\t\t\t\t<\/div>\n\t\t<div class=\"elementor-element elementor-element-f0fd3b4 e-con-full e-flex e-con e-child\" data-id=\"f0fd3b4\" data-element_type=\"container\" data-e-type=\"container\">\n\t\t\t\t<div class=\"elementor-element elementor-element-e220592 elementor-widget__width-inherit elementor-widget elementor-widget-image\" data-id=\"e220592\" data-element_type=\"widget\" data-e-type=\"widget\" data-widget_type=\"image.default\">\n\t\t\t\t\t\t\t\t\t\t\t\t\t\t\t<img fetchpriority=\"high\" decoding=\"async\" width=\"351\" height=\"530\" src=\"https:\/\/puertareal.ihermandad.es\/wp-content\/uploads\/2025\/11\/San-Pedro-Nolasco.jpg\" class=\"attachment-2048x2048 size-2048x2048 wp-image-4055\" alt=\"San Pedro Nolasco\" srcset=\"https:\/\/puertareal.ihermandad.es\/wp-content\/uploads\/2025\/11\/San-Pedro-Nolasco.jpg 351w, https:\/\/puertareal.ihermandad.es\/wp-content\/uploads\/2025\/11\/San-Pedro-Nolasco-199x300.jpg 199w\" sizes=\"(max-width: 351px) 100vw, 351px\" \/>\t\t\t\t\t\t\t\t\t\t\t\t\t\t\t<\/div>\n\t\t\t\t<\/div>\n\t\t\t\t\t<\/div>\n\t\t\t\t<\/div>\n\t\t<div class=\"elementor-element elementor-element-3607975b e-flex e-con-boxed e-con e-parent\" data-id=\"3607975b\" data-element_type=\"container\" data-e-type=\"container\">\n\t\t\t\t\t<div class=\"e-con-inner\">\n\t\t\t\t\t<\/div>\n\t\t\t\t<\/div>\n\t\t\t\t<\/div>\n\t\t","protected":false},"excerpt":{"rendered":"<p>San Pedro Nolasco Se trata de una imagen an\u00f3nima del siglo XVIII, ejecutada en madera y telas encoladas y de tama\u00f1o acad\u00e9mico. Est\u00e1 situada en una hornacina de la capilla, en la m\u00e1s cercana al camar\u00edn de la Virgen de las Mercedes. Durante el a\u00f1o 1983 dicha efigie de San Pedro Nolasco fue restaurada en [&hellip;]<\/p>\n","protected":false},"author":2,"featured_media":0,"parent":0,"menu_order":0,"comment_status":"closed","ping_status":"closed","template":"","meta":{"footnotes":""},"class_list":["post-546","page","type-page","status-publish","hentry"],"_links":{"self":[{"href":"https:\/\/puertareal.ihermandad.es\/index.php?rest_route=\/wp\/v2\/pages\/546","targetHints":{"allow":["GET"]}}],"collection":[{"href":"https:\/\/puertareal.ihermandad.es\/index.php?rest_route=\/wp\/v2\/pages"}],"about":[{"href":"https:\/\/puertareal.ihermandad.es\/index.php?rest_route=\/wp\/v2\/types\/page"}],"author":[{"embeddable":true,"href":"https:\/\/puertareal.ihermandad.es\/index.php?rest_route=\/wp\/v2\/users\/2"}],"replies":[{"embeddable":true,"href":"https:\/\/puertareal.ihermandad.es\/index.php?rest_route=%2Fwp%2Fv2%2Fcomments&post=546"}],"version-history":[{"count":3,"href":"https:\/\/puertareal.ihermandad.es\/index.php?rest_route=\/wp\/v2\/pages\/546\/revisions"}],"predecessor-version":[{"id":4058,"href":"https:\/\/puertareal.ihermandad.es\/index.php?rest_route=\/wp\/v2\/pages\/546\/revisions\/4058"}],"wp:attachment":[{"href":"https:\/\/puertareal.ihermandad.es\/index.php?rest_route=%2Fwp%2Fv2%2Fmedia&parent=546"}],"curies":[{"name":"wp","href":"https:\/\/api.w.org\/{rel}","templated":true}]}}