{"id":550,"date":"2013-11-11T09:07:06","date_gmt":"2013-11-11T09:07:06","guid":{"rendered":"http:\/\/www.mercedespuertareal.com\/?page_id=550"},"modified":"2025-11-07T17:57:32","modified_gmt":"2025-11-07T17:57:32","slug":"otras-imagenes","status":"publish","type":"page","link":"https:\/\/puertareal.ihermandad.es\/?page_id=550","title":{"rendered":"Otras im\u00e1genes"},"content":{"rendered":"\t\t<div data-elementor-type=\"wp-page\" data-elementor-id=\"550\" class=\"elementor elementor-550\" data-elementor-post-type=\"page\">\n\t\t\t\t<div class=\"elementor-element elementor-element-6afa69f e-flex e-con-boxed e-con e-parent\" data-id=\"6afa69f\" data-element_type=\"container\" data-e-type=\"container\">\n\t\t\t\t\t<div class=\"e-con-inner\">\n\t\t\t\t<div class=\"elementor-element elementor-element-dd98faf elementor-widget elementor-widget-heading\" data-id=\"dd98faf\" data-element_type=\"widget\" data-e-type=\"widget\" data-widget_type=\"heading.default\">\n\t\t\t\t\t<h2 class=\"elementor-heading-title elementor-size-default\">Otras im\u00e1genes<\/h2>\t\t\t\t<\/div>\n\t\t\t\t<div class=\"elementor-element elementor-element-7be4eb2 elementor-widget elementor-widget-heading\" data-id=\"7be4eb2\" data-element_type=\"widget\" data-e-type=\"widget\" data-widget_type=\"heading.default\">\n\t\t\t\t\t<h2 class=\"elementor-heading-title elementor-size-default\">Ni\u00f1o Jes\u00fas<\/h2>\t\t\t\t<\/div>\n\t\t\t\t\t<\/div>\n\t\t\t\t<\/div>\n\t\t<div class=\"elementor-element elementor-element-d5b5114 e-flex e-con-boxed e-con e-parent\" data-id=\"d5b5114\" data-element_type=\"container\" data-e-type=\"container\">\n\t\t\t\t\t<div class=\"e-con-inner\">\n\t\t<div class=\"elementor-element elementor-element-5aedf2b e-con-full e-flex e-con e-child\" data-id=\"5aedf2b\" data-element_type=\"container\" data-e-type=\"container\">\n\t\t\t\t<div class=\"elementor-element elementor-element-2567283 elementor-widget__width-initial elementor-widget elementor-widget-text-editor\" data-id=\"2567283\" data-element_type=\"widget\" data-e-type=\"widget\" data-widget_type=\"text-editor.default\">\n\t\t\t\t\t\t\t\t\t<p>Se trata de la imagen del Ni\u00f1o Jes\u00fas que est\u00e1 ubicada a los pies de la Virgen de las Mercedes en la delantera del paso durante la salida procesional. La Virgen\u00a0de las Mercedes es una de las pocas im\u00e1genes de Gloria que salen a la calle que no muestra al Ni\u00f1o Jes\u00fas en sus brazos. Habitualmente se encuentra situado bajo el camar\u00edn de la Virgen en la Capilla.<\/p><p>La cabeza del ni\u00f1o fue renovada por Luis \u00c1lvarez Duarte pero ni en tama\u00f1o ni en estilo se corresponde con la figura de la Virgen.<\/p><p>En el a\u00f1o 2013 fue llevado a la sede del Circulo Mercantil e Industrial de la calle Sierpes debido a la Exposici\u00f3n \u201cLet\u00edfica Generosidad\u201d, organizada por el Consejo General de Hermandades y Cofrad\u00edas con la secci\u00f3n de Glorias. El motivo fue el recien estreno del traje de Ni\u00f1o Cautivo, recuperado tras varias d\u00e9cadas y donado por un grupo de hermanos.<\/p>\t\t\t\t\t\t\t\t<\/div>\n\t\t\t\t<div class=\"elementor-element elementor-element-a3293de elementor-widget elementor-widget-heading\" data-id=\"a3293de\" data-element_type=\"widget\" data-e-type=\"widget\" data-widget_type=\"heading.default\">\n\t\t\t\t\t<h2 class=\"elementor-heading-title elementor-size-default\">San Francisco de Asis en \u00e9xtasis<\/h2>\t\t\t\t<\/div>\n\t\t\t\t<div class=\"elementor-element elementor-element-9aff197 elementor-widget__width-initial elementor-widget elementor-widget-text-editor\" data-id=\"9aff197\" data-element_type=\"widget\" data-e-type=\"widget\" data-widget_type=\"text-editor.default\">\n\t\t\t\t\t\t\t\t\t<p>Magn\u00edfico bajorrelieve, con matices y l\u00edneas propios de buena escuela. An\u00f3nimo barroco del siglo XVII. Hoy la figura aparece exenta, por haberse recortado el fondo. Destacan la sentida expresi\u00f3n del rostro, y el excelente estofado en oro sobre la t\u00fanica o estame\u00f1a. Con la mano izquierda sujetaba un crucifijo.<\/p><p>Se trata ciertamente de la pieza m\u00e1s valiosa del patrimonio corporativo. Habitualmente se encontraba en la sacrist\u00eda de la capilla, pero debido a la gran cantidad de suciedad y de elementos, se encuentra actualmente en la sala de exposiciones de la planta superior.<\/p><p>En el a\u00f1o 2010 la imagen de San Francisco fue llevada a la sede del Circulo Mercantil e Industrial de la calle Sierpes con motivo de la Exposici\u00f3n \u201cRecuerdos de un pasado de Glorias\u201d, organizada por el Consejo General de Hermandades y Cofrad\u00edas con la secci\u00f3n de Glorias.<\/p><p><\/p><p>Adem\u00e1s, la hermandad cuenta con las siguientes im\u00e1genes:<\/p><p> <\/p><ul class=\"wp-block-list\"><li>Crucifijo:\u00a0an\u00f3nimo. Data del siglo XIX . Es de madera policromada. Preside la mesa de presidencia en los cultos as\u00ed como los Cabildos de Oficiales y Generales. Se encuentra habitualmente en la sacrist\u00eda.<\/li> <li>San Pancracio M\u00e1rtir: se encuentra en una de las dos hornacinas de la capilla, en concreto en la m\u00e1s cercana a la puerta. Fue restaurado hace no muchos a\u00f1os.<\/li> <li>Santa Mar\u00eda Josefa del Coraz\u00f3n de Jes\u00fas: bendecida el 1 de junio de 2003. La imagen fue\u00a0enviada desde Roma y representa a la fundadora de la comunidad de las Siervas de Jes\u00fas de la Caridad, las cuales son camareras honorarias de la Stma. Virgen de las Mercedes desde el a\u00f1o 1965. Se encuentra ubicada a un lado del Sagrario.<\/li> <li>Sagrado Coraz\u00f3n de Jes\u00fas:\u00a0no tenemos referencia alguna sobre la imagen. Se encuentra ubicado a un lado del Sagrario.<\/li> <li>Santa \u00c1ngela de la Cruz: data del a\u00f1o 2003 y hecha en madera de cedro por\u00a0J. Francisco Rodr\u00edguez Fern\u00e1ndez, obsequio de Gabriel Sol\u00eds.<\/li> <li>San Mart\u00edn de Porres: no tenemos referencia alguna sobre la imagen. Se encuentra en un peque\u00f1o pedestal junto a la puerta de la capilla.<\/li> <li>Virgen de F\u00e1tima: imagen donada por la querida\u00a0\u201cPaquita\u201d (do\u00f1a Francisca Murcia Garc\u00eda). Se encuentra en la sacrist\u00eda.<\/li><\/ul><p><\/p>\t\t\t\t\t\t\t\t<\/div>\n\t\t\t\t<\/div>\n\t\t<div class=\"elementor-element elementor-element-ed19bf3 e-con-full e-flex e-con e-child\" data-id=\"ed19bf3\" data-element_type=\"container\" data-e-type=\"container\">\n\t\t\t\t<div class=\"elementor-element elementor-element-5131386 elementor-widget elementor-widget-image\" data-id=\"5131386\" data-element_type=\"widget\" data-e-type=\"widget\" data-widget_type=\"image.default\">\n\t\t\t\t\t\t\t\t\t\t\t\t\t\t\t<img fetchpriority=\"high\" decoding=\"async\" width=\"201\" height=\"300\" src=\"https:\/\/puertareal.ihermandad.es\/wp-content\/uploads\/2025\/11\/NinoJesus-Puerta-Real-201x300.jpg\" class=\"attachment-medium size-medium wp-image-4059\" alt=\"Ni\u00f1oJes\u00fas-Puerta-Real\" srcset=\"https:\/\/puertareal.ihermandad.es\/wp-content\/uploads\/2025\/11\/NinoJesus-Puerta-Real-201x300.jpg 201w, https:\/\/puertareal.ihermandad.es\/wp-content\/uploads\/2025\/11\/NinoJesus-Puerta-Real-686x1024.jpg 686w, https:\/\/puertareal.ihermandad.es\/wp-content\/uploads\/2025\/11\/NinoJesus-Puerta-Real-768x1147.jpg 768w, https:\/\/puertareal.ihermandad.es\/wp-content\/uploads\/2025\/11\/NinoJesus-Puerta-Real.jpg 800w\" sizes=\"(max-width: 201px) 100vw, 201px\" \/>\t\t\t\t\t\t\t\t\t\t\t\t\t\t\t<\/div>\n\t\t\t\t<div class=\"elementor-element elementor-element-e39298c elementor-widget elementor-widget-image\" data-id=\"e39298c\" data-element_type=\"widget\" data-e-type=\"widget\" data-widget_type=\"image.default\">\n\t\t\t\t\t\t\t\t\t\t\t\t\t\t\t<img decoding=\"async\" width=\"188\" height=\"300\" src=\"https:\/\/puertareal.ihermandad.es\/wp-content\/uploads\/2025\/11\/San-Francisco-de-Asis-188x300.jpg\" class=\"attachment-medium size-medium wp-image-4064\" alt=\"San Francisco de As\u00eds\" srcset=\"https:\/\/puertareal.ihermandad.es\/wp-content\/uploads\/2025\/11\/San-Francisco-de-Asis-188x300.jpg 188w, https:\/\/puertareal.ihermandad.es\/wp-content\/uploads\/2025\/11\/San-Francisco-de-Asis.jpg 347w\" sizes=\"(max-width: 188px) 100vw, 188px\" \/>\t\t\t\t\t\t\t\t\t\t\t\t\t\t\t<\/div>\n\t\t\t\t<\/div>\n\t\t\t\t\t<\/div>\n\t\t\t\t<\/div>\n\t\t\t\t<\/div>\n\t\t","protected":false},"excerpt":{"rendered":"<p>Otras im\u00e1genes Ni\u00f1o Jes\u00fas Se trata de la imagen del Ni\u00f1o Jes\u00fas que est\u00e1 ubicada a los pies de la Virgen de las Mercedes en la delantera del paso durante la salida procesional. La Virgen\u00a0de las Mercedes es una de las pocas im\u00e1genes de Gloria que salen a la calle que no muestra al Ni\u00f1o [&hellip;]<\/p>\n","protected":false},"author":2,"featured_media":0,"parent":0,"menu_order":0,"comment_status":"closed","ping_status":"closed","template":"","meta":{"footnotes":""},"class_list":["post-550","page","type-page","status-publish","hentry"],"_links":{"self":[{"href":"https:\/\/puertareal.ihermandad.es\/index.php?rest_route=\/wp\/v2\/pages\/550","targetHints":{"allow":["GET"]}}],"collection":[{"href":"https:\/\/puertareal.ihermandad.es\/index.php?rest_route=\/wp\/v2\/pages"}],"about":[{"href":"https:\/\/puertareal.ihermandad.es\/index.php?rest_route=\/wp\/v2\/types\/page"}],"author":[{"embeddable":true,"href":"https:\/\/puertareal.ihermandad.es\/index.php?rest_route=\/wp\/v2\/users\/2"}],"replies":[{"embeddable":true,"href":"https:\/\/puertareal.ihermandad.es\/index.php?rest_route=%2Fwp%2Fv2%2Fcomments&post=550"}],"version-history":[{"count":15,"href":"https:\/\/puertareal.ihermandad.es\/index.php?rest_route=\/wp\/v2\/pages\/550\/revisions"}],"predecessor-version":[{"id":4086,"href":"https:\/\/puertareal.ihermandad.es\/index.php?rest_route=\/wp\/v2\/pages\/550\/revisions\/4086"}],"wp:attachment":[{"href":"https:\/\/puertareal.ihermandad.es\/index.php?rest_route=%2Fwp%2Fv2%2Fmedia&parent=550"}],"curies":[{"name":"wp","href":"https:\/\/api.w.org\/{rel}","templated":true}]}}