{"id":800,"date":"2013-11-14T12:29:23","date_gmt":"2013-11-14T12:29:23","guid":{"rendered":"http:\/\/www.mercedespuertareal.com\/?page_id=800"},"modified":"2013-11-14T12:29:23","modified_gmt":"2013-11-14T12:29:23","slug":"paso-procesional","status":"publish","type":"page","link":"https:\/\/puertareal.ihermandad.es\/?page_id=800","title":{"rendered":"Paso procesional"},"content":{"rendered":"<p style=\"text-align: justify;\">Ricas e impresionantes andas realizadas entre los a\u00f1os 1962 y 1966 por el prestigioso taller de Guzm\u00e1n Bejarano y que suponen una de las creaciones m\u00e1s afortunadas de este genial tallista.\u00a0Los calad\u00edsimos respiraderos y altos candelabros de primorosa ejecuci\u00f3n hacen de este paso uno de los m\u00e1s destacados de las glorias hispalenses, seg\u00fan los escritos de Juan Mart\u00ednez Alcalde.<\/p>\n<p style=\"text-align: justify;\"><span style=\"text-decoration: underline;\">Ejecuci\u00f3n<\/span><\/p>\n<p><a href=\"http:\/\/www.mercedespuertareal.com\/wp-content\/uploads\/2013\/11\/patrimonio_paso3.jpg\" target=\"_blank\"><img fetchpriority=\"high\" decoding=\"async\" class=\"alignright  wp-image-906\" title=\"Paso procesional\" alt=\"Paso procesional\" src=\"http:\/\/www.mercedespuertareal.com\/wp-content\/uploads\/2013\/11\/patrimonio_paso3.jpg\" width=\"237\" height=\"360\" \/><\/a><\/p>\n<p style=\"text-align: justify;\">El 1 de marzo de 1962 se encargaron cuatro candelabros de siete luces, por 8.000 pesetas el juego, sin incluir dorado. Hasta entonces la Hermandad ven\u00eda usando una vieja parihuela, que fue vendida a la Asociaci\u00f3n Salesiana de Mar\u00eda Auxiliadora de San Vicente, la cual m\u00e1s tarde la sustituy\u00f3 por otro paso nuevo. Los candelabros ya salieron a la calle aquel a\u00f1o 1962.<\/p>\n<p style=\"text-align: justify;\">El 7 de febrero de 1963 se da presupuesto para dos candelabros laterales de cuatro luces, por 3.800 pesetas cada uno; pero como estas piezas no eran imprescindibles, su hechura se demora hasta el a\u00f1o siguiente.<\/p>\n<p style=\"text-align: justify;\">El 30 de mayo de 1963 se aborda por fin las andas definitivas, al encargar un juego de respiraderos y maniguetas en Pino Flandes, teniendo los respiraderos un m\u00ednimo de grueso de 5 cms. y en las partes m\u00e1s salientes de 8 a 10 cms. Todo ello por 20.000 pesetas, dorado aparte. Estos respiraderos, maravillosa obra de filigrana donde volutas y roleos alcanzan la transparencia sinuosa de un encaje, ya salieron a la calle aquel a\u00f1o 63, a falta de oro, estofado y bru\u00f1ido.<\/p>\n<p style=\"text-align: justify;\">En septiembre de 1964 se estrenan los dos candelabros laterales de cuatro luces y el dorado de los respiraderos, quedando completa la primera fase de los trabajos.<\/p>\n<p style=\"text-align: justify;\">El 4 de julio de 1966 se contrata la hechura de la peana, tambi\u00e9n en madera de Pino Flandes, de 70 mm y piezas de suplemento de 50 a 70 mm. Precio: 45.000 pesetas. Esta peana es de porte aut\u00e9nticamente monumental y queda varios a\u00f1os sin dorar, hasta que el 12 de mayo de 1973 se hace contrato por 105.000 pesetas para dorarla con oro fino San Lu\u00eds, incluyendo la restauraci\u00f3n de la misma y de los respiraderos.<\/p>\n<p style=\"text-align: justify;\">Los faldones son en pana granate y llevan una orla de recortes dorados, a imitaci\u00f3n de los que guarnecen el paso de la Macarena. Fueron realizados por el hermano don Antonio Rinc\u00f3n Galicia, quien los termin\u00f3 en 1963.<\/p>\n<p style=\"text-align: right;\"><span style=\"text-decoration: underline;\">Restauraciones<\/span><\/p>\n<p><a href=\"http:\/\/www.mercedespuertareal.com\/wp-content\/uploads\/2013\/11\/patrimonio_paso1.jpg\" target=\"_blank\"><img decoding=\"async\" class=\"wp-image-904 alignleft\" title=\"Paso procesional\" alt=\"Paso procesional\" src=\"http:\/\/www.mercedespuertareal.com\/wp-content\/uploads\/2013\/11\/patrimonio_paso1.jpg\" width=\"494\" height=\"329\" \/><\/a><\/p>\n<p style=\"text-align: justify;\">En 1989 los candelabros fueron llevados a Artesan\u00eda Arosa para ser restaurados y dorados de nuevo.<\/p>\n<p style=\"text-align: justify;\">En 2003 dio comienzo, en su primera fase, la restauraci\u00f3n de los respiraderos, a cargo del taller de sobrinos de Antonio D\u00edaz Fern\u00e1ndez. Tras la\u00a0actuaci\u00f3n y reparaci\u00f3n de la talla, estaba previsto que salieran en madera. En 2006 el convenio del Consejo con Caja San Fernando otorg\u00f3 una subvenci\u00f3n de 1.700 euros para restaurar el paso en el taller de Sobrino de Antonio D\u00edaz. Por ese mismo tiempo, m\u00e1s o menos, se volver\u00eda a dorar completo el respiradero delantero.\u00a0En 2008 se doraron los pinjantes o mensulillas alargadas que separan los recuadros en los respiraderos laterales.\u00a0En 2009 se estren\u00f3 el dorado de pinjantes del respiradero trasero a cargo del taller de dorado de Antonio D\u00edaz.<\/p>\n<p style=\"text-align: justify;\">Actualmente, el proceso de restauraci\u00f3n se encuentra paralizado debido a la falta de fondos, quedando por dorar los respiraderos laterales y la trasera, junto a las cuatro maniguetas que llevan varios a\u00f1os sin salir a la calle debido a su mal estado de conservaci\u00f3n.<\/p>\n","protected":false},"excerpt":{"rendered":"<p>Ricas e impresionantes andas realizadas entre los a\u00f1os 1962 y 1966 por el prestigioso taller de Guzm\u00e1n Bejarano y que suponen una de las creaciones m\u00e1s afortunadas de este genial tallista.\u00a0Los calad\u00edsimos respiraderos y altos candelabros de primorosa ejecuci\u00f3n hacen de este paso uno de los m\u00e1s destacados de las glorias hispalenses, seg\u00fan los escritos [&hellip;]<\/p>\n","protected":false},"author":2,"featured_media":0,"parent":0,"menu_order":0,"comment_status":"closed","ping_status":"closed","template":"","meta":{"footnotes":""},"class_list":["post-800","page","type-page","status-publish","hentry"],"_links":{"self":[{"href":"https:\/\/puertareal.ihermandad.es\/index.php?rest_route=\/wp\/v2\/pages\/800","targetHints":{"allow":["GET"]}}],"collection":[{"href":"https:\/\/puertareal.ihermandad.es\/index.php?rest_route=\/wp\/v2\/pages"}],"about":[{"href":"https:\/\/puertareal.ihermandad.es\/index.php?rest_route=\/wp\/v2\/types\/page"}],"author":[{"embeddable":true,"href":"https:\/\/puertareal.ihermandad.es\/index.php?rest_route=\/wp\/v2\/users\/2"}],"replies":[{"embeddable":true,"href":"https:\/\/puertareal.ihermandad.es\/index.php?rest_route=%2Fwp%2Fv2%2Fcomments&post=800"}],"version-history":[{"count":0,"href":"https:\/\/puertareal.ihermandad.es\/index.php?rest_route=\/wp\/v2\/pages\/800\/revisions"}],"wp:attachment":[{"href":"https:\/\/puertareal.ihermandad.es\/index.php?rest_route=%2Fwp%2Fv2%2Fmedia&parent=800"}],"curies":[{"name":"wp","href":"https:\/\/api.w.org\/{rel}","templated":true}]}}