{"id":808,"date":"2013-11-14T12:31:03","date_gmt":"2013-11-14T12:31:03","guid":{"rendered":"http:\/\/www.mercedespuertareal.com\/?page_id=808"},"modified":"2013-11-14T12:31:03","modified_gmt":"2013-11-14T12:31:03","slug":"orfebreria","status":"publish","type":"page","link":"https:\/\/puertareal.ihermandad.es\/?page_id=808","title":{"rendered":"Orfebrer\u00eda"},"content":{"rendered":"<p style=\"text-align: justify;\"><strong>CORONA DE ORO<\/strong>: Cincelada por Villarreal en 1972, seg\u00fan encargo de la joyer\u00eda Reyes. Por su riqueza material, hay que citar preferentemente esta presea, que es de oro de ley. Tiene 1.700 gramos del precioso metal (22 quilates) y una cruz de brillantes, as\u00ed como cinco im\u00e1genes que simbolizan los cinco Dogmas Marianos: Concepci\u00f3n, Asunci\u00f3n, Mediaci\u00f3n (representada por la Virgen Milagrosa), Corredenci\u00f3n (por la Virgen de F\u00e1tima) y Realeza (por la Patrona de Sevilla, Nuestra Se\u00f1ora de los Reyes).<\/p>\n<p style=\"text-align: justify;\">En diminutos \u00f3valos van cinceladas las flores que aleg\u00f3ricamente se relacionan con Mar\u00eda Sant\u00edsima, detalle que s\u00f3lo resulta perceptible tras atento examen. Rodeando la bola del mundo hay una cinta con diamantes.<\/p>\n<p style=\"text-align: justify;\">Lleva tambi\u00e9n incluidos en su exorno dos zarcillitos de piedras, representando flores de \u00abpensamientos\u00bb, que regal\u00f3 Antonio Rinc\u00f3n, y dos solitarios de brillantes, ofrenda de su esposa. Viene a medir 34 x 44 cms<\/p>\n<p style=\"text-align: justify;\">Cost\u00f3 400.000 pesetas (estaba entonces el gramo de oro a 108 pesetas; no olvidemos que se hizo en 1972). Es todo un hito haber realizado una corona de oro en esa \u00e9poca ya que era algo impensable para cualquier hermandad.<\/p>\n<p style=\"text-align: justify;\">Fue restaurada por los Hermanos Delgado en 2005, para corregir el alabeo que sufri\u00f3 en la entrada del paso. En 2010 se sold\u00f3 una de las estrellas que se hab\u00eda desprendido de la misma.<\/p>\n\n<p style=\"text-align: justify;\">[divider scroll_]<\/p>\n<p style=\"text-align: justify;\"><strong><br \/>\nCETRO DE ORO<\/strong>: obra de Villarreal en 1972, de oro de ley. Fue regalo de do\u00f1a \u00c1ngeles Rebollo (1978).<\/p>\n<p style=\"text-align: justify;\"><strong>MEDALLA DE LA CIUDAD<\/strong>: replica del emblema hispalense realizada por Fernando Marmolejo Camargo y otorgada por la ciudad de Sevilla en el 2000. Impuesta por el Excmo. Sr. D. Alfredo S\u00e1nchez Monteseir\u00edn, Alcalde de Sevilla, en un solemne acto que tuvo lugar el d\u00eda 24 de septiembre en la plaza del Museo.<\/p>\n<p style=\"text-align: justify;\"><strong>ESCUDO MERCEDARIO<\/strong>: escudo de la orden mercedaria que la Virgen suele lleva sobre su pecho. Es de Oro de ley realizado por Villarreal en 1973.<\/p>\n<p style=\"text-align: justify;\"><strong>MEDALLA DE ORO A GARDU\u00d1O<\/strong>: 1\u00aa Medalla de Oro de la Hermandad a D. Fernando Gardu\u00f1o Mart\u00ednez, qui\u00e9n la don\u00f3 a la Stma. Virgen y luce cada a\u00f1o en su saya.<\/p>\n<p style=\"text-align: justify;\"><strong>AZUCENA<\/strong>: de plata de ley, oro y brillantes. Obra del joven orfebre Lucio Rodr\u00edguez Garc\u00eda. Fue regalada por la juventud de la hermandad con motivo de la salida extraordinaria de 2007.<\/p>\n\n<p style=\"text-align: justify;\">[divider scroll_]<\/p>\n<p style=\"text-align: justify;\"><strong><br \/>\nCORONA DE DIARIO<\/strong>: s. XIX, cobre ba\u00f1ado en plata. Posee silueta ovalada, sin estrellas ni imperiales.<\/p>\n<p style=\"text-align: justify;\"><strong>CORONA ANTIGUA<\/strong>: s XIX, metal plateado ba\u00f1ado en oro. Posee un formato cl\u00e1sico, estrellas e imperiales. Fue reformada recientemente.<\/p>\n<p style=\"text-align: justify;\"><strong>ARO DE ESTRELLAS<\/strong>: sencilla aureola de doce estrellas. Se desconoce su ejecuci\u00f3n. Restaurada en el a\u00f1o 2012 gracias a la donaci\u00f3n del Grupo Joven.<\/p>\n<p style=\"text-align: justify;\"><strong>R\u00c1FAGA DE DIARIO<\/strong>: antigua, chapada en plata y necesita hoy de arreglo o restauraci\u00f3n, de ah\u00ed que desgraciadamente no se utilice.<\/p>\n<p style=\"text-align: justify;\"><strong>R\u00c1FAGA DE SALIDA<\/strong>: Llevada a cabo en 1979 por Villarreal, a juego con el estilo de la corona de oro. Es de plata de ley, y para ello se consumi\u00f3 la anterior r\u00e1faga, hecha por Celis en 1970. Va muy abierta por debajo, para dejar holgura a las ca\u00eddas del manto. Por arriba es abatible, circunstancia exigida por la puerta de la capilla. Restaurada en 2003 en el taller de los Hermanos Delgado L\u00f3pez, quienes han arreglado y fijado algunos rayos que se hab\u00edan desoldados, reparando tambi\u00e9n el sistema de bisagras, necesarias para la bajada de la parte superior.<\/p>\n<p style=\"text-align: justify;\"><strong>CETRO DE DIARIO<\/strong>: &#8211;<\/p>\n<p style=\"text-align: justify;\"><strong>MEDIA LUNA<\/strong>: &#8211;<\/p>\n\n<p>[divider scroll_]<\/p>\n<p><strong><br \/>\nPOTENCIAS CRISTO<\/strong>: del Santo Cristo de la Redenci\u00f3n. Con motivo del XXV Aniversario de su hechura se procedi\u00f3 a la restauraci\u00f3n de las mismas, dor\u00e1ndose en el talle de los Hermanos Delgados.<\/p>\n<p><strong>POTENCIAS NI\u00d1O JES\u00daS<\/strong>: de metal plateado. En la \u00faltima restauraci\u00f3n del Ni\u00f1o le fueron tapados los agujeros para las potencias, de ah\u00ed que no se utilicen.<\/p>\n<p>[divider scroll_]<\/p>\n<p style=\"text-align: justify;\"><strong><br \/>\nFAROLES DEL PASO<\/strong>: faroles delanteros del paso que van colocados junto al Ni\u00f1o Jes\u00fas. Los cincel\u00f3 Villarreal en 1974 labrados por Jes\u00fas Dom\u00ednguez, plata.<\/p>\n<p style=\"text-align: justify;\"><strong>JUEGO DE JARRAS<\/strong>: cuatro jarras de Jes\u00fas Dom\u00ednguez, plata, 1971.<\/p>\n<p style=\"text-align: justify;\"><strong>CIRIALES<\/strong>: juego de seis ciriales, con el escudo mercedario en la manzana, Hermanos Celis, 1971.<\/p>\n<p style=\"text-align: justify;\"><strong>P\u00c9RTIGA<\/strong>: Villarreal.<\/p>\n<p style=\"text-align: justify;\"><strong>MEDALL\u00d3N<\/strong>: para el pertiguero.<\/p>\n<p style=\"text-align: justify;\"><strong>INCENSARIOS<\/strong>: Hermanos Celis, 1971.<\/p>\n<p style=\"text-align: justify;\"><strong>LLAMADOR<\/strong>: Villarreal, 1979. Restaurado en 2009.<\/p>\n<p style=\"text-align: justify;\"><strong>36 CORONILLAS<\/strong>: para los guardabrisas. Realizadas por Manuel R\u00edos en el a\u00f1o 1974.<\/p>\n<p style=\"text-align: justify;\"><strong>5 VARAS PREDISENCIA<\/strong>: metal plateado, repujadas en su totalidad. Ejecutadas por Villarreal en 1974.<\/p>\n<p style=\"text-align: justify;\"><strong>12 VARAS INSIGNIAS<\/strong>: metal plateado, vara de madera.<\/p>\n<p style=\"text-align: justify;\"><strong>VARA DIPUTADO MAYOR DE GOBIERNO<\/strong>: metal dorado, vara de madera.<\/p>\n\n","protected":false},"excerpt":{"rendered":"<p>CORONA DE ORO: Cincelada por Villarreal en 1972, seg\u00fan encargo de la joyer\u00eda Reyes. Por su riqueza material, hay que citar preferentemente esta presea, que es de oro de ley. Tiene 1.700 gramos del precioso metal (22 quilates) y una cruz de brillantes, as\u00ed como cinco im\u00e1genes que simbolizan los cinco Dogmas Marianos: Concepci\u00f3n, Asunci\u00f3n, [&hellip;]<\/p>\n","protected":false},"author":2,"featured_media":0,"parent":0,"menu_order":0,"comment_status":"closed","ping_status":"closed","template":"","meta":{"footnotes":""},"class_list":["post-808","page","type-page","status-publish","hentry"],"_links":{"self":[{"href":"https:\/\/puertareal.ihermandad.es\/index.php?rest_route=\/wp\/v2\/pages\/808","targetHints":{"allow":["GET"]}}],"collection":[{"href":"https:\/\/puertareal.ihermandad.es\/index.php?rest_route=\/wp\/v2\/pages"}],"about":[{"href":"https:\/\/puertareal.ihermandad.es\/index.php?rest_route=\/wp\/v2\/types\/page"}],"author":[{"embeddable":true,"href":"https:\/\/puertareal.ihermandad.es\/index.php?rest_route=\/wp\/v2\/users\/2"}],"replies":[{"embeddable":true,"href":"https:\/\/puertareal.ihermandad.es\/index.php?rest_route=%2Fwp%2Fv2%2Fcomments&post=808"}],"version-history":[{"count":0,"href":"https:\/\/puertareal.ihermandad.es\/index.php?rest_route=\/wp\/v2\/pages\/808\/revisions"}],"wp:attachment":[{"href":"https:\/\/puertareal.ihermandad.es\/index.php?rest_route=%2Fwp%2Fv2%2Fmedia&parent=808"}],"curies":[{"name":"wp","href":"https:\/\/api.w.org\/{rel}","templated":true}]}}